{"id":21339,"date":"2021-04-24T23:40:51","date_gmt":"2021-04-25T02:40:51","guid":{"rendered":"https:\/\/vivesanobrasil.org\/?page_id=21339"},"modified":"2021-11-17T09:53:09","modified_gmt":"2021-11-17T12:53:09","slug":"politicas-de-reembolso","status":"publish","type":"page","link":"https:\/\/vivesanobrasil.org\/pb\/politicas-de-reembolso\/","title":{"rendered":"Politicas de Reembolso"},"content":{"rendered":"\t\t<div data-elementor-type=\"wp-page\" data-elementor-id=\"21339\" class=\"elementor elementor-21339\">\n\t\t\t\t\t\t<section class=\"elementor-section elementor-top-section elementor-element elementor-element-4ebf37a elementor-section-boxed elementor-section-height-default elementor-section-height-default\" data-id=\"4ebf37a\" data-element_type=\"section\">\n\t\t\t\t\t\t<div class=\"elementor-container elementor-column-gap-default\">\n\t\t\t\t\t<div class=\"elementor-column elementor-col-100 elementor-top-column elementor-element elementor-element-419ee78\" data-id=\"419ee78\" data-element_type=\"column\">\n\t\t\t<div class=\"elementor-widget-wrap elementor-element-populated\">\n\t\t\t\t\t\t<div class=\"elementor-element elementor-element-d804ada elementor-widget elementor-widget-heading\" data-id=\"d804ada\" data-element_type=\"widget\" data-widget_type=\"heading.default\">\n\t\t\t\t<div class=\"elementor-widget-container\">\n\t\t\t<h1 class=\"elementor-heading-title elementor-size-default\">Politicas de Reembolso<\/h1>\t\t<\/div>\n\t\t\t\t<\/div>\n\t\t\t\t<div class=\"elementor-element elementor-element-fce57ac elementor-widget elementor-widget-text-editor\" data-id=\"fce57ac\" data-element_type=\"widget\" data-widget_type=\"text-editor.default\">\n\t\t\t\t<div class=\"elementor-widget-container\">\n\t\t\t\t\t\t\t<p style=\"text-align: justify;\"><span style=\"font-weight: 400;\">Vive Sano <\/span><span style=\"font-weight: 400;\">no reembolsar\u00e1 el costo de la matr\u00edcula y\/o mensualidad y\/o adquisici\u00f3n del servicio por causas ajenas a las de la instituci\u00f3n, sin embargo pueden haber diversas excepciones donde de acuerdo a algunos pa\u00edses (y al m\u00e9todo de pago) de acuerdo a razones propias de la instituci\u00f3n, donde se podr\u00e1 hacer reembolso en los siguientes plazos:<\/span><\/p><ul style=\"text-align: justify;\"><li style=\"font-weight: 400;\" aria-level=\"1\"><p><span style=\"font-weight: 400;\">Argentina &#8211; 10 d\u00edas<\/span><\/p><\/li><li style=\"font-weight: 400;\" aria-level=\"1\"><p><span style=\"font-weight: 400;\">Chile &#8211; 10 d\u00edas<\/span><\/p><\/li><li style=\"font-weight: 400;\" aria-level=\"1\"><p><span style=\"font-weight: 400;\">Colombia &#8211; 5 d\u00edas<\/span><\/p><\/li><li style=\"font-weight: 400;\" aria-level=\"1\"><p><span style=\"font-weight: 400;\">Ecuador &#8211; 3 d\u00edas<\/span><\/p><\/li><li style=\"font-weight: 400;\" aria-level=\"1\"><p><span style=\"font-weight: 400;\">M\u00e9xico &#8211; 5 d\u00edas<\/span><\/p><\/li><li style=\"font-weight: 400;\" aria-level=\"1\"><p><span style=\"font-weight: 400;\">Per\u00fa &#8211; 30 d\u00edas<\/span><\/p><\/li><li style=\"font-weight: 400;\" aria-level=\"1\"><p><span style=\"font-weight: 400;\">Uruguay &#8211; 5 d\u00edas<\/span><\/p><\/li><li aria-level=\"1\"><p>Brasil \u2013\u00a0 Para usuarios que adquieran alg\u00fan de los diversos servicios o productos desde Brasil, usando sus m\u00e9todos de pago, tienen un plazo de 7 d\u00edas a partir de la compra del producto o servicio adquirido para ejecutar el derecho de solicitud de reembolso, siempre y cuando esta solicitud sea realizada antes de que sean enviadas claves de acceso a los servicios, aperturadas las diferentes salas de aulas virtuales o entrega de los \u00edtems que el consumidor este adquiriendo.<\/p><\/li><\/ul><p style=\"text-align: justify;\"><span style=\"font-weight: 400;\">Resto de pa\u00edses: 0 d\u00edas<\/span><\/p><p style=\"text-align: justify;\"><span style=\"font-weight: 400;\">Los alumnos recibir\u00e1n un reembolso completo si se cancela el producto o servicio luego del periodo de inscripciones pero antes del inicio del curso.<\/span><\/p><p style=\"text-align: justify;\">\u00a0<\/p>\t\t\t\t\t\t<\/div>\n\t\t\t\t<\/div>\n\t\t\t\t\t<\/div>\n\t\t<\/div>\n\t\t\t\t\t<\/div>\n\t\t<\/section>\n\t\t\t\t<\/div>\n\t\t<div class='cb-post-url-qr-code'><br><img src='https:\/\/api.qrserver.com\/v1\/create-qr-code\/?size=185x185&ecc=L&qzone=1&data=https%3A%2F%2Fvivesanobrasil.org%2Fpb%2Fpoliticas-de-reembolso%2F' alt='Politicas de Reembolso'\/><\/div>","protected":false},"excerpt":{"rendered":"<p>Politicas de Reembolso Vive Sano no reembolsar\u00e1 el costo de la matr\u00edcula y\/o mensualidad y\/o adquisici\u00f3n del servicio por causas ajenas a las de la instituci\u00f3n, sin embargo pueden haber diversas excepciones donde de acuerdo a algunos pa\u00edses (y al m\u00e9todo de pago) de acuerdo a razones propias de la instituci\u00f3n, donde se podr\u00e1 hacer [&hellip;]<\/p>\n","protected":false},"author":135836161,"featured_media":0,"parent":0,"menu_order":0,"comment_status":"closed","ping_status":"closed","template":"page-templates\/full-width-boxed.php","meta":{"_acf_changed":false,"_coblocks_attr":"","_coblocks_dimensions":"","_coblocks_responsive_height":"","_coblocks_accordion_ie_support":"","_crdt_document":"","om_disable_all_campaigns":false,"_monsterinsights_skip_tracking":false,"_monsterinsights_sitenote_active":false,"_monsterinsights_sitenote_note":"","_monsterinsights_sitenote_category":0,"footnotes":""},"class_list":["post-21339","page","type-page","status-publish","hentry"],"acf":[],"aioseo_notices":[],"jetpack_likes_enabled":true,"jetpack_sharing_enabled":true,"jetpack_shortlink":"https:\/\/wp.me\/P9Ia6I-5yb","_links":{"self":[{"href":"https:\/\/vivesanobrasil.org\/pb\/wp-json\/wp\/v2\/pages\/21339","targetHints":{"allow":["GET"]}}],"collection":[{"href":"https:\/\/vivesanobrasil.org\/pb\/wp-json\/wp\/v2\/pages"}],"about":[{"href":"https:\/\/vivesanobrasil.org\/pb\/wp-json\/wp\/v2\/types\/page"}],"author":[{"embeddable":true,"href":"https:\/\/vivesanobrasil.org\/pb\/wp-json\/wp\/v2\/users\/135836161"}],"replies":[{"embeddable":true,"href":"https:\/\/vivesanobrasil.org\/pb\/wp-json\/wp\/v2\/comments?post=21339"}],"version-history":[{"count":0,"href":"https:\/\/vivesanobrasil.org\/pb\/wp-json\/wp\/v2\/pages\/21339\/revisions"}],"wp:attachment":[{"href":"https:\/\/vivesanobrasil.org\/pb\/wp-json\/wp\/v2\/media?parent=21339"}],"curies":[{"name":"wp","href":"https:\/\/api.w.org\/{rel}","templated":true}]}}