{"id":32594,"date":"2021-12-18T11:20:00","date_gmt":"2021-12-18T14:20:00","guid":{"rendered":"https:\/\/vivesanobrasil.org\/?page_id=32594"},"modified":"2023-04-21T15:06:12","modified_gmt":"2023-04-21T19:06:12","slug":"perguntas-frequentes","status":"publish","type":"page","link":"https:\/\/vivesanobrasil.org\/pb\/br\/perguntas-frequentes\/","title":{"rendered":"Perguntas frequentes"},"content":{"rendered":"\t\t<div data-elementor-type=\"wp-page\" data-elementor-id=\"32594\" class=\"elementor elementor-32594\">\n\t\t\t\t\t\t<section class=\"elementor-section elementor-top-section elementor-element elementor-element-6cf5157 elementor-section-stretched elementor-section-full_width elementor-section-height-default elementor-section-height-default\" data-id=\"6cf5157\" data-element_type=\"section\" data-settings=\"{&quot;stretch_section&quot;:&quot;section-stretched&quot;}\">\n\t\t\t\t\t\t<div class=\"elementor-container elementor-column-gap-default\">\n\t\t\t\t\t<div class=\"elementor-column elementor-col-50 elementor-top-column elementor-element elementor-element-9ca048e\" data-id=\"9ca048e\" data-element_type=\"column\">\n\t\t\t<div class=\"elementor-widget-wrap elementor-element-populated\">\n\t\t\t\t\t\t<div class=\"elementor-element elementor-element-b1447a4 elementor-widget elementor-widget-heading\" data-id=\"b1447a4\" data-element_type=\"widget\" data-widget_type=\"heading.default\">\n\t\t\t\t<div class=\"elementor-widget-container\">\n\t\t\t<h1 class=\"elementor-heading-title elementor-size-default\">Perguntas frequentes sobre os nossos estudos On-Line<\/h1>\t\t<\/div>\n\t\t\t\t<\/div>\n\t\t\t\t<div class=\"elementor-element elementor-element-06c7b84 elementor-widget elementor-widget-spacer\" data-id=\"06c7b84\" data-element_type=\"widget\" data-widget_type=\"spacer.default\">\n\t\t\t\t<div class=\"elementor-widget-container\">\n\t\t\t\t\t<div class=\"elementor-spacer\">\n\t\t\t<div class=\"elementor-spacer-inner\"><\/div>\n\t\t<\/div>\n\t\t\t\t<\/div>\n\t\t\t\t<\/div>\n\t\t\t\t<div class=\"elementor-element elementor-element-a481438 elementor-widget elementor-widget-text-editor\" data-id=\"a481438\" data-element_type=\"widget\" data-widget_type=\"text-editor.default\">\n\t\t\t\t<div class=\"elementor-widget-container\">\n\t\t\t\t\t\t\t<h1 align=\"JUSTIFY\"><span style=\"font-size: 18pt; color: #000000;\"><strong><span style=\"font-family: Arial, serif;\"><span lang=\"pt-BR\">Quanto ao curso, aprova\u00e7\u00e3o e certifica\u00e7\u00e3o:<\/span><\/span><\/strong><\/span><\/h1><p align=\"JUSTIFY\"><span style=\"color: #000000;\"><span style=\"font-family: Arial, serif;\"><span style=\"font-size: medium;\"><span lang=\"pt-BR\">Somos uma organiza\u00e7\u00e3o sediada no Brasil, cujo objetivo \u00e9 ministrar educa\u00e7\u00e3o a dist\u00e2ncia de qualidade, com acessibilidade universal, nossos cursos s\u00e3o amplamente reconhecidos, dirigidos aos profissionais da sa\u00fade.<\/span><\/span><\/span><\/span><\/p><p align=\"JUSTIFY\"><span style=\"color: #000000;\"><a style=\"color: #000000;\" name=\"Bookmark\"><\/a> <span style=\"font-family: Arial, serif;\"><span style=\"font-size: medium;\"><span lang=\"pt-BR\">Quanto aos cursos, \u00e9 um curso de forma\u00e7\u00e3o cont\u00ednua, os cursos que requerem convalida\u00e7\u00e3o nos pa\u00edses s\u00e3o cursos stricto sensu e\/ou lato sensu, todos os nossos cursos s\u00e3o para aprofundar os conhecimentos, para preparar o profissional em sua vida laboral, para completar sua forma\u00e7\u00e3o acad\u00eamica, ou seja, os cursos de forma\u00e7\u00e3o cont\u00ednua realizados em seu pa\u00eds s\u00e3o v\u00e1lidos em outros pa\u00edses, pois s\u00e3o de conhecimentos, titula\u00e7\u00f5es, cursos de gradua\u00e7\u00e3o, diplomados, especialidades, mestrados e doutorados que requerem um processo de revalida\u00e7\u00e3o em cada pa\u00eds. Este certificado possui uma nota de aprova\u00e7\u00e3o e\/ou prova de participa\u00e7\u00e3o, segundo o caso.<\/span><\/span><\/span><\/span><\/p><h1 align=\"JUSTIFY\"><span style=\"font-size: 18pt; color: #000000;\"><strong><span style=\"font-family: Arial, serif;\"><span lang=\"pt-BR\">Quanto \u00e0 aprova\u00e7\u00e3o:<\/span><\/span><\/strong><\/span><\/h1><p align=\"JUSTIFY\"><span style=\"color: #000000;\"><span style=\"font-family: Arial, serif;\"><span style=\"font-size: medium;\"><span lang=\"pt-BR\">O usu\u00e1rio dever\u00e1 passar no curso com a nota m\u00ednima estabelecida segundo o pa\u00eds de origem, ao longo dos cursos haver\u00e1 cerca de 4 avalia\u00e7\u00f5es, (sele\u00e7\u00e3o simples, desenvolvimento, casos cl\u00ednicos, verdadeiro ou falso) dos temas que nossos palestrantes ir\u00e3o ministrar<\/span><\/span><\/span><span style=\"font-family: Arial, serif;\"><span style=\"font-size: medium;\"><span lang=\"pt-BR\">. <\/span><\/span><\/span><span style=\"font-family: Arial, serif;\"><span style=\"font-size: medium;\"><span lang=\"pt-BR\">Considerando as notas mais altas e calculando a m\u00e9dia, se o usu\u00e1rio n\u00e3o passar no curso ser\u00e1 emitido um certificado de participa\u00e7\u00e3o, em caso de aprova\u00e7\u00e3o o certificado indicar\u00e1 que o usu\u00e1rio passou no curso com a nota.<\/span><\/span><\/span><\/span><\/p><h1 align=\"JUSTIFY\"><span style=\"color: #000000;\"><strong><span style=\"font-size: 18pt;\"><span style=\"font-family: Arial, serif;\"><span lang=\"pt-BR\">Tenho que acessar uma hora ou dia espec\u00edfico?<\/span><\/span><\/span><\/strong><\/span><\/h1><p align=\"JUSTIFY\"><span style=\"color: #000000;\"><span style=\"font-family: Arial, serif;\"><span style=\"font-size: medium;\"><span lang=\"pt-BR\">As aulas s\u00e3o 100% on-line tendo acesso 24 horas com um nome de usu\u00e1rio e senha fornecidos, de forma que o usu\u00e1rio tem acesso \u00e0 plataforma virtual 24 horas por dia, N\u00c3O \u00e9 necess\u00e1rio cumprir um hor\u00e1rio para o desenvolvimento do mesmo. Os cursos on-line s\u00e3o uma nova alternativa para se especializar e adquirir conhecimentos. Hoje em dia n\u00e3o h\u00e1 desculpas, mas h\u00e1 muitas op\u00e7\u00f5es para conseguir o que voc\u00ea quer. O que voc\u00ea est\u00e1 esperando? Tire vantagem e se arrisque a fazer o curso de sua prefer\u00eancia.<\/span><\/span><\/span><\/span><\/p><p align=\"JUSTIFY\"><span style=\"color: #000000;\"><span style=\"font-family: Arial, serif;\"><span style=\"font-size: medium;\"><span lang=\"pt-BR\">Estes cursos s\u00e3o ministrados por doutores, especialistas ou mestres, (especialista, como m\u00ednimo grau acad\u00eamico, \u00e9 requerido para poder ministrar aulas em nossa institui\u00e7\u00e3o). O escrit\u00f3rio principal desta empresa fica em S\u00e3o Paulo, Brasil, contando com escrit\u00f3rios tamb\u00e9m na Col\u00f4mbia e Venezuela, todos os nossos cursos s\u00e3o certificados.<\/span><\/span><\/span><\/span><\/p><h1 align=\"JUSTIFY\"><span style=\"color: #000000;\"><strong><span style=\"font-size: 18pt;\"><span style=\"font-family: Arial, serif;\"><span lang=\"pt-BR\">Sou estudante, posso participar?<\/span><\/span><\/span><\/strong><\/span><\/h1><p align=\"JUSTIFY\"><span style=\"color: #000000;\"><span style=\"font-family: Arial, serif;\"><span style=\"font-size: medium;\"><span lang=\"pt-BR\">Com total liberdade qualquer estudante pode fazer o curso, o objetivo destes \u00e9 aprofundar os conhecimentos e acrescentar \u00e0 forma\u00e7\u00e3o acad\u00eamica de cada um de nossos usu\u00e1rios.<\/span><\/span><\/span><\/span><\/p><p align=\"JUSTIFY\"><span style=\"color: #000000;\"><span style=\"font-family: Arial, serif;\"><span style=\"font-size: medium;\"><span lang=\"pt-BR\">Para mais informa\u00e7\u00f5es sobre n\u00f3s, convidamos voc\u00ea a visitar nossas redes sociais.<\/span><\/span><\/span><\/span><\/p><h1 align=\"JUSTIFY\"><span style=\"font-family: arial, helvetica, sans-serif; font-size: 18pt;\"><strong>Em qu\u00e9 idioma s\u00e3o os programas acad\u00eamicos?<\/strong><\/span><\/h1><p>Contamos com programas acad\u00eamicos em portugu\u00eas e em espanhol.<\/p>\t\t\t\t\t\t<\/div>\n\t\t\t\t<\/div>\n\t\t\t\t\t<\/div>\n\t\t<\/div>\n\t\t\t\t<div class=\"elementor-column elementor-col-50 elementor-top-column elementor-element elementor-element-39a8644 elementor-hidden-desktop elementor-hidden-tablet elementor-hidden-mobile\" data-id=\"39a8644\" data-element_type=\"column\">\n\t\t\t<div class=\"elementor-widget-wrap elementor-element-populated\">\n\t\t\t\t\t\t<div class=\"elementor-element elementor-element-4ce8b5f elementor-widget elementor-widget-image\" data-id=\"4ce8b5f\" data-element_type=\"widget\" data-widget_type=\"image.default\">\n\t\t\t\t<div class=\"elementor-widget-container\">\n\t\t\t\t\t\t\t\t\t\t\t\t\t<img data-recalc-dims=\"1\" decoding=\"async\" src=\"https:\/\/i0.wp.com\/vivesanobrasil.org\/wp-content\/uploads\/2020\/08\/WhatsApp-Image-2020-08-16-at-16.59.02.jpeg?ssl=1\" title=\"\" alt=\"\" loading=\"lazy\" \/>\t\t\t\t\t\t\t\t\t\t\t\t\t<\/div>\n\t\t\t\t<\/div>\n\t\t\t\t<section class=\"elementor-section elementor-inner-section elementor-element elementor-element-b9a499c elementor-section-boxed elementor-section-height-default elementor-section-height-default\" data-id=\"b9a499c\" data-element_type=\"section\">\n\t\t\t\t\t\t<div class=\"elementor-container elementor-column-gap-no\">\n\t\t\t\t\t<div class=\"elementor-column elementor-col-50 elementor-inner-column elementor-element elementor-element-3450405\" data-id=\"3450405\" data-element_type=\"column\">\n\t\t\t<div class=\"elementor-widget-wrap elementor-element-populated\">\n\t\t\t\t\t\t<div class=\"elementor-element elementor-element-6ccea17 elementor-widget elementor-widget-image\" data-id=\"6ccea17\" data-element_type=\"widget\" data-widget_type=\"image.default\">\n\t\t\t\t<div class=\"elementor-widget-container\">\n\t\t\t\t\t\t\t\t\t\t\t\t\t<img data-recalc-dims=\"1\" decoding=\"async\" src=\"https:\/\/i0.wp.com\/vivesanobrasil.org\/wp-content\/uploads\/2020\/08\/WhatsApp-Image-2020-08-16-at-16.59.02-1.jpeg?ssl=1\" title=\"\" alt=\"\" loading=\"lazy\" \/>\t\t\t\t\t\t\t\t\t\t\t\t\t<\/div>\n\t\t\t\t<\/div>\n\t\t\t\t<div class=\"elementor-element elementor-element-9300108 elementor-widget elementor-widget-image\" data-id=\"9300108\" data-element_type=\"widget\" data-widget_type=\"image.default\">\n\t\t\t\t<div class=\"elementor-widget-container\">\n\t\t\t\t\t\t\t\t\t\t\t\t\t<img data-recalc-dims=\"1\" decoding=\"async\" src=\"https:\/\/i0.wp.com\/vivesanobrasil.org\/wp-content\/uploads\/2020\/08\/WhatsApp-Image-2020-08-16-at-16.59.03-1.jpeg?ssl=1\" title=\"\" alt=\"\" loading=\"lazy\" \/>\t\t\t\t\t\t\t\t\t\t\t\t\t<\/div>\n\t\t\t\t<\/div>\n\t\t\t\t<div class=\"elementor-element elementor-element-78858d5 elementor-widget elementor-widget-image\" data-id=\"78858d5\" data-element_type=\"widget\" data-widget_type=\"image.default\">\n\t\t\t\t<div class=\"elementor-widget-container\">\n\t\t\t\t\t\t\t\t\t\t\t\t\t<img data-recalc-dims=\"1\" decoding=\"async\" src=\"https:\/\/i0.wp.com\/vivesanobrasil.org\/wp-content\/uploads\/2020\/08\/WhatsApp-Image-2020-08-16-at-16.59.04-1.jpeg?ssl=1\" title=\"\" alt=\"\" loading=\"lazy\" \/>\t\t\t\t\t\t\t\t\t\t\t\t\t<\/div>\n\t\t\t\t<\/div>\n\t\t\t\t<div class=\"elementor-element elementor-element-325a395 elementor-widget elementor-widget-image\" data-id=\"325a395\" data-element_type=\"widget\" data-widget_type=\"image.default\">\n\t\t\t\t<div class=\"elementor-widget-container\">\n\t\t\t\t\t\t\t\t\t\t\t\t\t<img data-recalc-dims=\"1\" decoding=\"async\" src=\"https:\/\/i0.wp.com\/vivesanobrasil.org\/wp-content\/uploads\/2020\/08\/WhatsApp-Image-2020-08-16-at-16.59.05-1.jpeg?ssl=1\" title=\"\" alt=\"\" loading=\"lazy\" \/>\t\t\t\t\t\t\t\t\t\t\t\t\t<\/div>\n\t\t\t\t<\/div>\n\t\t\t\t\t<\/div>\n\t\t<\/div>\n\t\t\t\t<div class=\"elementor-column elementor-col-50 elementor-inner-column elementor-element elementor-element-e5480ed\" data-id=\"e5480ed\" data-element_type=\"column\">\n\t\t\t<div class=\"elementor-widget-wrap elementor-element-populated\">\n\t\t\t\t\t\t<div class=\"elementor-element elementor-element-c86b09c elementor-widget elementor-widget-image\" data-id=\"c86b09c\" data-element_type=\"widget\" data-widget_type=\"image.default\">\n\t\t\t\t<div class=\"elementor-widget-container\">\n\t\t\t\t\t\t\t\t\t\t\t\t\t<img data-recalc-dims=\"1\" decoding=\"async\" src=\"https:\/\/i0.wp.com\/vivesanobrasil.org\/wp-content\/uploads\/2020\/08\/WhatsApp-Image-2020-08-16-at-16.59.03.jpeg?ssl=1\" title=\"\" alt=\"\" loading=\"lazy\" \/>\t\t\t\t\t\t\t\t\t\t\t\t\t<\/div>\n\t\t\t\t<\/div>\n\t\t\t\t<div class=\"elementor-element elementor-element-58de710 elementor-widget elementor-widget-image\" data-id=\"58de710\" data-element_type=\"widget\" data-widget_type=\"image.default\">\n\t\t\t\t<div class=\"elementor-widget-container\">\n\t\t\t\t\t\t\t\t\t\t\t\t\t<img data-recalc-dims=\"1\" decoding=\"async\" src=\"https:\/\/i0.wp.com\/vivesanobrasil.org\/wp-content\/uploads\/2020\/08\/WhatsApp-Image-2020-08-16-at-16.59.04.jpeg?ssl=1\" title=\"\" alt=\"\" loading=\"lazy\" \/>\t\t\t\t\t\t\t\t\t\t\t\t\t<\/div>\n\t\t\t\t<\/div>\n\t\t\t\t<div class=\"elementor-element elementor-element-a4e9d2b elementor-widget elementor-widget-image\" data-id=\"a4e9d2b\" data-element_type=\"widget\" data-widget_type=\"image.default\">\n\t\t\t\t<div class=\"elementor-widget-container\">\n\t\t\t\t\t\t\t\t\t\t\t\t\t<img data-recalc-dims=\"1\" decoding=\"async\" src=\"https:\/\/i0.wp.com\/vivesanobrasil.org\/wp-content\/uploads\/2020\/08\/WhatsApp-Image-2020-08-16-at-16.59.05.jpeg?ssl=1\" title=\"\" alt=\"\" loading=\"lazy\" \/>\t\t\t\t\t\t\t\t\t\t\t\t\t<\/div>\n\t\t\t\t<\/div>\n\t\t\t\t<div class=\"elementor-element elementor-element-67d0dfe elementor-widget elementor-widget-image\" data-id=\"67d0dfe\" data-element_type=\"widget\" data-widget_type=\"image.default\">\n\t\t\t\t<div class=\"elementor-widget-container\">\n\t\t\t\t\t\t\t\t\t\t\t\t\t<img data-recalc-dims=\"1\" decoding=\"async\" src=\"https:\/\/i0.wp.com\/vivesanobrasil.org\/wp-content\/uploads\/2020\/08\/WhatsApp-Image-2020-08-16-at-16.59.06.jpeg?ssl=1\" title=\"\" alt=\"\" loading=\"lazy\" \/>\t\t\t\t\t\t\t\t\t\t\t\t\t<\/div>\n\t\t\t\t<\/div>\n\t\t\t\t\t<\/div>\n\t\t<\/div>\n\t\t\t\t\t<\/div>\n\t\t<\/section>\n\t\t\t\t\t<\/div>\n\t\t<\/div>\n\t\t\t\t\t<\/div>\n\t\t<\/section>\n\t\t<div class=\"elementor-element elementor-element-f6630aa e-flex e-con-boxed e-con e-parent\" data-id=\"f6630aa\" data-element_type=\"container\">\n\t\t\t\t\t<div class=\"e-con-inner\">\n\t\t\t\t<div class=\"elementor-element elementor-element-0f00d94 elementor-widget elementor-widget-heading\" data-id=\"0f00d94\" data-element_type=\"widget\" data-widget_type=\"heading.default\">\n\t\t\t\t<div class=\"elementor-widget-container\">\n\t\t\t<h2 class=\"elementor-heading-title elementor-size-default\">A\u00f1ade aqu\u00ed tu texto de cabecera<\/h2>\t\t<\/div>\n\t\t\t\t<\/div>\n\t\t\t\t\t<\/div>\n\t\t\t\t<\/div>\n\t\t\t\t<\/div>\n\t\t<div class='cb-post-url-qr-code'><br><img src='https:\/\/api.qrserver.com\/v1\/create-qr-code\/?size=185x185&ecc=L&qzone=1&data=https%3A%2F%2Fvivesanobrasil.org%2Fpb%2Fbr%2Fperguntas-frequentes%2F' alt='Perguntas frequentes'\/><\/div>","protected":false},"excerpt":{"rendered":"<p>Aqu\u00ed podr\u00e1s despejar las dudas m\u00e1s frecuentes sobre nuestra instituci\u00f3n y nuestras capacitaciones.<\/p>\n","protected":false},"author":135836165,"featured_media":0,"parent":31898,"menu_order":0,"comment_status":"closed","ping_status":"closed","template":"","meta":{"_acf_changed":false,"_coblocks_attr":"","_coblocks_dimensions":"","_coblocks_responsive_height":"","_coblocks_accordion_ie_support":"","_crdt_document":"","om_disable_all_campaigns":false,"_monsterinsights_skip_tracking":false,"_monsterinsights_sitenote_active":false,"_monsterinsights_sitenote_note":"","_monsterinsights_sitenote_category":0,"jetpack_post_was_ever_published":false,"footnotes":""},"class_list":["post-32594","page","type-page","status-publish","hentry"],"acf":[],"aioseo_notices":[],"jetpack_likes_enabled":true,"jetpack_sharing_enabled":false,"jetpack_shortlink":"https:\/\/wp.me\/P9Ia6I-8tI","_links":{"self":[{"href":"https:\/\/vivesanobrasil.org\/pb\/wp-json\/wp\/v2\/pages\/32594","targetHints":{"allow":["GET"]}}],"collection":[{"href":"https:\/\/vivesanobrasil.org\/pb\/wp-json\/wp\/v2\/pages"}],"about":[{"href":"https:\/\/vivesanobrasil.org\/pb\/wp-json\/wp\/v2\/types\/page"}],"author":[{"embeddable":true,"href":"https:\/\/vivesanobrasil.org\/pb\/wp-json\/wp\/v2\/users\/135836165"}],"replies":[{"embeddable":true,"href":"https:\/\/vivesanobrasil.org\/pb\/wp-json\/wp\/v2\/comments?post=32594"}],"version-history":[{"count":0,"href":"https:\/\/vivesanobrasil.org\/pb\/wp-json\/wp\/v2\/pages\/32594\/revisions"}],"up":[{"embeddable":true,"href":"https:\/\/vivesanobrasil.org\/pb\/wp-json\/wp\/v2\/pages\/31898"}],"wp:attachment":[{"href":"https:\/\/vivesanobrasil.org\/pb\/wp-json\/wp\/v2\/media?parent=32594"}],"curies":[{"name":"wp","href":"https:\/\/api.w.org\/{rel}","templated":true}]}}