{"id":34494,"date":"2022-02-03T13:54:33","date_gmt":"2022-02-03T17:54:33","guid":{"rendered":"https:\/\/vivesanobrasil.org\/?page_id=34494"},"modified":"2022-02-03T14:10:24","modified_gmt":"2022-02-03T18:10:24","slug":"quem-somos","status":"publish","type":"page","link":"https:\/\/vivesanobrasil.org\/pb\/br\/quem-somos\/","title":{"rendered":"Quem somos?"},"content":{"rendered":"\t\t<div data-elementor-type=\"wp-page\" data-elementor-id=\"34494\" class=\"elementor elementor-34494\">\n\t\t\t\t\t\t<section class=\"elementor-section elementor-top-section elementor-element elementor-element-7df3a26 elementor-section-full_width elementor-section-content-top elementor-section-stretched elementor-section-height-default elementor-section-height-default elementor-invisible\" data-id=\"7df3a26\" data-element_type=\"section\" data-settings=\"{&quot;stretch_section&quot;:&quot;section-stretched&quot;,&quot;background_background&quot;:&quot;slideshow&quot;,&quot;animation&quot;:&quot;fadeInDown&quot;,&quot;background_slideshow_gallery&quot;:[],&quot;background_slideshow_loop&quot;:&quot;yes&quot;,&quot;background_slideshow_slide_duration&quot;:5000,&quot;background_slideshow_slide_transition&quot;:&quot;fade&quot;,&quot;background_slideshow_transition_duration&quot;:500}\">\n\t\t\t\t\t\t<div class=\"elementor-container elementor-column-gap-no\">\n\t\t\t\t\t<div class=\"elementor-column elementor-col-100 elementor-top-column elementor-element elementor-element-7f8a3bf\" data-id=\"7f8a3bf\" data-element_type=\"column\" data-settings=\"{&quot;background_background&quot;:&quot;classic&quot;}\">\n\t\t\t<div class=\"elementor-widget-wrap elementor-element-populated\">\n\t\t\t\t\t\t<div class=\"elementor-element elementor-element-c590333 elementor-widget elementor-widget-shortcode\" data-id=\"c590333\" data-element_type=\"widget\" data-widget_type=\"shortcode.default\">\n\t\t\t\t<div class=\"elementor-widget-container\">\n\t\t\t\t\t<div class=\"elementor-shortcode\">\n<\/div>\n\t\t\t\t<\/div>\n\t\t\t\t<\/div>\n\t\t\t\t\t<\/div>\n\t\t<\/div>\n\t\t\t\t\t<\/div>\n\t\t<\/section>\n\t\t\t\t<section class=\"elementor-section elementor-top-section elementor-element elementor-element-435cc91 elementor-section-full_width elementor-section-stretched elementor-section-height-default elementor-section-height-default\" data-id=\"435cc91\" data-element_type=\"section\" data-settings=\"{&quot;stretch_section&quot;:&quot;section-stretched&quot;,&quot;background_background&quot;:&quot;classic&quot;}\">\n\t\t\t\t\t\t<div class=\"elementor-container elementor-column-gap-no\">\n\t\t\t\t\t<div class=\"elementor-column elementor-col-100 elementor-top-column elementor-element elementor-element-dcb9193\" data-id=\"dcb9193\" data-element_type=\"column\">\n\t\t\t<div class=\"elementor-widget-wrap elementor-element-populated\">\n\t\t\t\t\t\t<div class=\"elementor-element elementor-element-0003fd3 elementor-widget elementor-widget-image\" data-id=\"0003fd3\" data-element_type=\"widget\" data-widget_type=\"image.default\">\n\t\t\t\t<div class=\"elementor-widget-container\">\n\t\t\t\t\t\t\t\t\t\t\t\t\t<img fetchpriority=\"high\" decoding=\"async\" data-attachment-id=\"34499\" data-permalink=\"https:\/\/vivesanobrasil.org\/pb\/br\/quem-somos\/bem-vindo-titulo\/\" data-orig-file=\"https:\/\/i0.wp.com\/vivesanobrasil.org\/wp-content\/uploads\/2022\/02\/Bem-Vindo-titulo.png?fit=1224%2C132&amp;ssl=1\" data-orig-size=\"1224,132\" data-comments-opened=\"1\" data-image-meta=\"{&quot;aperture&quot;:&quot;0&quot;,&quot;credit&quot;:&quot;&quot;,&quot;camera&quot;:&quot;&quot;,&quot;caption&quot;:&quot;&quot;,&quot;created_timestamp&quot;:&quot;0&quot;,&quot;copyright&quot;:&quot;&quot;,&quot;focal_length&quot;:&quot;0&quot;,&quot;iso&quot;:&quot;0&quot;,&quot;shutter_speed&quot;:&quot;0&quot;,&quot;title&quot;:&quot;&quot;,&quot;orientation&quot;:&quot;0&quot;}\" data-image-title=\"Bem-Vindo-titulo\" data-image-description=\"\" data-image-caption=\"\" data-large-file=\"https:\/\/i0.wp.com\/vivesanobrasil.org\/wp-content\/uploads\/2022\/02\/Bem-Vindo-titulo.png?fit=1024%2C110&amp;ssl=1\" width=\"1224\" height=\"132\" src=\"https:\/\/i0.wp.com\/vivesanobrasil.org\/wp-content\/uploads\/2022\/02\/Bem-Vindo-titulo.png?fit=1224%2C132&amp;ssl=1\" class=\"attachment-full size-full wp-image-34499\" alt=\"\" srcset=\"https:\/\/i0.wp.com\/vivesanobrasil.org\/wp-content\/uploads\/2022\/02\/Bem-Vindo-titulo.png?w=1224&amp;ssl=1 1224w, https:\/\/i0.wp.com\/vivesanobrasil.org\/wp-content\/uploads\/2022\/02\/Bem-Vindo-titulo.png?resize=300%2C32&amp;ssl=1 300w, https:\/\/i0.wp.com\/vivesanobrasil.org\/wp-content\/uploads\/2022\/02\/Bem-Vindo-titulo.png?resize=1024%2C110&amp;ssl=1 1024w, https:\/\/i0.wp.com\/vivesanobrasil.org\/wp-content\/uploads\/2022\/02\/Bem-Vindo-titulo.png?resize=768%2C83&amp;ssl=1 768w, https:\/\/i0.wp.com\/vivesanobrasil.org\/wp-content\/uploads\/2022\/02\/Bem-Vindo-titulo.png?resize=1218%2C132&amp;ssl=1 1218w, https:\/\/i0.wp.com\/vivesanobrasil.org\/wp-content\/uploads\/2022\/02\/Bem-Vindo-titulo.png?resize=200%2C22&amp;ssl=1 200w, https:\/\/i0.wp.com\/vivesanobrasil.org\/wp-content\/uploads\/2022\/02\/Bem-Vindo-titulo.png?resize=350%2C38&amp;ssl=1 350w, https:\/\/i0.wp.com\/vivesanobrasil.org\/wp-content\/uploads\/2022\/02\/Bem-Vindo-titulo.png?resize=500%2C54&amp;ssl=1 500w, https:\/\/i0.wp.com\/vivesanobrasil.org\/wp-content\/uploads\/2022\/02\/Bem-Vindo-titulo.png?resize=700%2C75&amp;ssl=1 700w\" sizes=\"(max-width: 1000px) 100vw, 1000px\" data-attachment-id=\"34499\" data-permalink=\"https:\/\/vivesanobrasil.org\/pb\/br\/quem-somos\/bem-vindo-titulo\/\" data-orig-file=\"https:\/\/i0.wp.com\/vivesanobrasil.org\/wp-content\/uploads\/2022\/02\/Bem-Vindo-titulo.png?fit=1224%2C132&amp;ssl=1\" data-orig-size=\"1224,132\" data-comments-opened=\"1\" data-image-meta=\"{&quot;aperture&quot;:&quot;0&quot;,&quot;credit&quot;:&quot;&quot;,&quot;camera&quot;:&quot;&quot;,&quot;caption&quot;:&quot;&quot;,&quot;created_timestamp&quot;:&quot;0&quot;,&quot;copyright&quot;:&quot;&quot;,&quot;focal_length&quot;:&quot;0&quot;,&quot;iso&quot;:&quot;0&quot;,&quot;shutter_speed&quot;:&quot;0&quot;,&quot;title&quot;:&quot;&quot;,&quot;orientation&quot;:&quot;0&quot;}\" data-image-title=\"Bem-Vindo-titulo\" data-image-description=\"\" data-image-caption=\"\" data-large-file=\"https:\/\/i0.wp.com\/vivesanobrasil.org\/wp-content\/uploads\/2022\/02\/Bem-Vindo-titulo.png?fit=1024%2C110&amp;ssl=1\" \/>\t\t\t\t\t\t\t\t\t\t\t\t\t<\/div>\n\t\t\t\t<\/div>\n\t\t\t\t<div class=\"elementor-element elementor-element-b8b507f elementor-widget elementor-widget-text-editor\" data-id=\"b8b507f\" data-element_type=\"widget\" data-widget_type=\"text-editor.default\">\n\t\t\t\t<div class=\"elementor-widget-container\">\n\t\t\t\t\t\t\t<p style=\"text-align: center;\"><span style=\"font-size: 14pt;\">O Instituto Universit\u00e1rio Vive Sano \u00e9 uma organiza\u00e7\u00e3o com sede no Brasil, que desde 2018 se dedica a brindar informa\u00e7\u00e3o e educa\u00e7\u00e3o \u00e0 dist\u00e2ncia em ci\u00eancias da sa\u00fade.<\/span><\/p><p style=\"text-align: center;\"><span style=\"font-size: 14pt;\">Nosso pilar fundamental \u00e9 conceder a toda nossa comunidade de profissionais educa\u00e7\u00e3o de qualidade com acesso universal, com impacto cient\u00edfico e baseada sempre em evid\u00eancias.<\/span><\/p>\t\t\t\t\t\t<\/div>\n\t\t\t\t<\/div>\n\t\t\t\t<div class=\"elementor-element elementor-element-873aaf5 elementor-widget elementor-widget-image\" data-id=\"873aaf5\" data-element_type=\"widget\" data-widget_type=\"image.default\">\n\t\t\t\t<div class=\"elementor-widget-container\">\n\t\t\t\t\t\t\t\t\t\t\t\t\t<img decoding=\"async\" data-attachment-id=\"33623\" data-permalink=\"https:\/\/vivesanobrasil.org\/pb\/quienes-somos\/linea\/\" data-orig-file=\"https:\/\/i0.wp.com\/vivesanobrasil.org\/wp-content\/uploads\/2022\/01\/linea.png?fit=1206%2C51&amp;ssl=1\" data-orig-size=\"1206,51\" data-comments-opened=\"1\" data-image-meta=\"{&quot;aperture&quot;:&quot;0&quot;,&quot;credit&quot;:&quot;&quot;,&quot;camera&quot;:&quot;&quot;,&quot;caption&quot;:&quot;&quot;,&quot;created_timestamp&quot;:&quot;0&quot;,&quot;copyright&quot;:&quot;&quot;,&quot;focal_length&quot;:&quot;0&quot;,&quot;iso&quot;:&quot;0&quot;,&quot;shutter_speed&quot;:&quot;0&quot;,&quot;title&quot;:&quot;&quot;,&quot;orientation&quot;:&quot;0&quot;}\" data-image-title=\"linea\" data-image-description=\"\" data-image-caption=\"\" data-large-file=\"https:\/\/i0.wp.com\/vivesanobrasil.org\/wp-content\/uploads\/2022\/01\/linea.png?fit=1024%2C43&amp;ssl=1\" width=\"1206\" height=\"51\" src=\"https:\/\/i0.wp.com\/vivesanobrasil.org\/wp-content\/uploads\/2022\/01\/linea.png?fit=1206%2C51&amp;ssl=1\" class=\"attachment-full size-full wp-image-33623\" alt=\"\" srcset=\"https:\/\/i0.wp.com\/vivesanobrasil.org\/wp-content\/uploads\/2022\/01\/linea.png?w=1206&amp;ssl=1 1206w, https:\/\/i0.wp.com\/vivesanobrasil.org\/wp-content\/uploads\/2022\/01\/linea.png?resize=300%2C13&amp;ssl=1 300w, https:\/\/i0.wp.com\/vivesanobrasil.org\/wp-content\/uploads\/2022\/01\/linea.png?resize=1024%2C43&amp;ssl=1 1024w, https:\/\/i0.wp.com\/vivesanobrasil.org\/wp-content\/uploads\/2022\/01\/linea.png?resize=768%2C32&amp;ssl=1 768w, https:\/\/i0.wp.com\/vivesanobrasil.org\/wp-content\/uploads\/2022\/01\/linea.png?resize=200%2C8&amp;ssl=1 200w, https:\/\/i0.wp.com\/vivesanobrasil.org\/wp-content\/uploads\/2022\/01\/linea.png?resize=350%2C15&amp;ssl=1 350w, https:\/\/i0.wp.com\/vivesanobrasil.org\/wp-content\/uploads\/2022\/01\/linea.png?resize=500%2C21&amp;ssl=1 500w, https:\/\/i0.wp.com\/vivesanobrasil.org\/wp-content\/uploads\/2022\/01\/linea.png?resize=700%2C30&amp;ssl=1 700w\" sizes=\"(max-width: 1000px) 100vw, 1000px\" data-attachment-id=\"33623\" data-permalink=\"https:\/\/vivesanobrasil.org\/pb\/quienes-somos\/linea\/\" data-orig-file=\"https:\/\/i0.wp.com\/vivesanobrasil.org\/wp-content\/uploads\/2022\/01\/linea.png?fit=1206%2C51&amp;ssl=1\" data-orig-size=\"1206,51\" data-comments-opened=\"1\" data-image-meta=\"{&quot;aperture&quot;:&quot;0&quot;,&quot;credit&quot;:&quot;&quot;,&quot;camera&quot;:&quot;&quot;,&quot;caption&quot;:&quot;&quot;,&quot;created_timestamp&quot;:&quot;0&quot;,&quot;copyright&quot;:&quot;&quot;,&quot;focal_length&quot;:&quot;0&quot;,&quot;iso&quot;:&quot;0&quot;,&quot;shutter_speed&quot;:&quot;0&quot;,&quot;title&quot;:&quot;&quot;,&quot;orientation&quot;:&quot;0&quot;}\" data-image-title=\"linea\" data-image-description=\"\" data-image-caption=\"\" data-large-file=\"https:\/\/i0.wp.com\/vivesanobrasil.org\/wp-content\/uploads\/2022\/01\/linea.png?fit=1024%2C43&amp;ssl=1\" \/>\t\t\t\t\t\t\t\t\t\t\t\t\t<\/div>\n\t\t\t\t<\/div>\n\t\t\t\t\t<\/div>\n\t\t<\/div>\n\t\t\t\t\t<\/div>\n\t\t<\/section>\n\t\t\t\t<section class=\"elementor-section elementor-top-section elementor-element elementor-element-350a857 elementor-section-full_width elementor-section-stretched elementor-section-height-default elementor-section-height-default\" data-id=\"350a857\" data-element_type=\"section\" data-settings=\"{&quot;stretch_section&quot;:&quot;section-stretched&quot;,&quot;background_background&quot;:&quot;classic&quot;}\">\n\t\t\t\t\t\t<div class=\"elementor-container elementor-column-gap-no\">\n\t\t\t\t\t<div class=\"elementor-column elementor-col-50 elementor-top-column elementor-element elementor-element-d691f96\" data-id=\"d691f96\" data-element_type=\"column\">\n\t\t\t<div class=\"elementor-widget-wrap elementor-element-populated\">\n\t\t\t\t\t\t<div class=\"elementor-element elementor-element-18230c9 elementor-widget elementor-widget-image\" data-id=\"18230c9\" data-element_type=\"widget\" data-widget_type=\"image.default\">\n\t\t\t\t<div class=\"elementor-widget-container\">\n\t\t\t\t\t\t\t\t\t\t\t\t\t<img decoding=\"async\" data-attachment-id=\"34500\" data-permalink=\"https:\/\/vivesanobrasil.org\/pb\/br\/quem-somos\/titulo-educacao\/\" data-orig-file=\"https:\/\/i0.wp.com\/vivesanobrasil.org\/wp-content\/uploads\/2022\/02\/titulo-educacao.png?fit=696%2C210&amp;ssl=1\" data-orig-size=\"696,210\" data-comments-opened=\"1\" data-image-meta=\"{&quot;aperture&quot;:&quot;0&quot;,&quot;credit&quot;:&quot;&quot;,&quot;camera&quot;:&quot;&quot;,&quot;caption&quot;:&quot;&quot;,&quot;created_timestamp&quot;:&quot;0&quot;,&quot;copyright&quot;:&quot;&quot;,&quot;focal_length&quot;:&quot;0&quot;,&quot;iso&quot;:&quot;0&quot;,&quot;shutter_speed&quot;:&quot;0&quot;,&quot;title&quot;:&quot;&quot;,&quot;orientation&quot;:&quot;0&quot;}\" data-image-title=\"titulo-educacao\" data-image-description=\"\" data-image-caption=\"\" data-large-file=\"https:\/\/i0.wp.com\/vivesanobrasil.org\/wp-content\/uploads\/2022\/02\/titulo-educacao.png?fit=696%2C210&amp;ssl=1\" width=\"696\" height=\"210\" src=\"https:\/\/i0.wp.com\/vivesanobrasil.org\/wp-content\/uploads\/2022\/02\/titulo-educacao.png?fit=696%2C210&amp;ssl=1\" class=\"attachment-full size-full wp-image-34500\" alt=\"\" srcset=\"https:\/\/i0.wp.com\/vivesanobrasil.org\/wp-content\/uploads\/2022\/02\/titulo-educacao.png?w=696&amp;ssl=1 696w, https:\/\/i0.wp.com\/vivesanobrasil.org\/wp-content\/uploads\/2022\/02\/titulo-educacao.png?resize=300%2C91&amp;ssl=1 300w, https:\/\/i0.wp.com\/vivesanobrasil.org\/wp-content\/uploads\/2022\/02\/titulo-educacao.png?resize=200%2C60&amp;ssl=1 200w, https:\/\/i0.wp.com\/vivesanobrasil.org\/wp-content\/uploads\/2022\/02\/titulo-educacao.png?resize=350%2C106&amp;ssl=1 350w, https:\/\/i0.wp.com\/vivesanobrasil.org\/wp-content\/uploads\/2022\/02\/titulo-educacao.png?resize=500%2C151&amp;ssl=1 500w\" sizes=\"(max-width: 696px) 100vw, 696px\" data-attachment-id=\"34500\" data-permalink=\"https:\/\/vivesanobrasil.org\/pb\/br\/quem-somos\/titulo-educacao\/\" data-orig-file=\"https:\/\/i0.wp.com\/vivesanobrasil.org\/wp-content\/uploads\/2022\/02\/titulo-educacao.png?fit=696%2C210&amp;ssl=1\" data-orig-size=\"696,210\" data-comments-opened=\"1\" data-image-meta=\"{&quot;aperture&quot;:&quot;0&quot;,&quot;credit&quot;:&quot;&quot;,&quot;camera&quot;:&quot;&quot;,&quot;caption&quot;:&quot;&quot;,&quot;created_timestamp&quot;:&quot;0&quot;,&quot;copyright&quot;:&quot;&quot;,&quot;focal_length&quot;:&quot;0&quot;,&quot;iso&quot;:&quot;0&quot;,&quot;shutter_speed&quot;:&quot;0&quot;,&quot;title&quot;:&quot;&quot;,&quot;orientation&quot;:&quot;0&quot;}\" data-image-title=\"titulo-educacao\" data-image-description=\"\" data-image-caption=\"\" data-large-file=\"https:\/\/i0.wp.com\/vivesanobrasil.org\/wp-content\/uploads\/2022\/02\/titulo-educacao.png?fit=696%2C210&amp;ssl=1\" \/>\t\t\t\t\t\t\t\t\t\t\t\t\t<\/div>\n\t\t\t\t<\/div>\n\t\t\t\t<div class=\"elementor-element elementor-element-fd8229c elementor-align-center elementor-widget elementor-widget-button\" data-id=\"fd8229c\" data-element_type=\"widget\" data-widget_type=\"button.default\">\n\t\t\t\t<div class=\"elementor-widget-container\">\n\t\t\t\t\t<div class=\"elementor-button-wrapper\">\n\t\t\t<a class=\"elementor-button elementor-button-link elementor-size-md\" href=\"https:\/\/vivesanobrasil.org\/wp-content\/uploads\/2022\/02\/PT-Quem-Somos-1.pdf\" target=\"_blank\">\n\t\t\t\t\t\t<span class=\"elementor-button-content-wrapper\">\n\t\t\t\t\t\t\t\t\t<span class=\"elementor-button-text\">Conhe\u00e7a os detalhes da nossa hist\u00f3ria<\/span>\n\t\t\t\t\t<\/span>\n\t\t\t\t\t<\/a>\n\t\t<\/div>\n\t\t\t\t<\/div>\n\t\t\t\t<\/div>\n\t\t\t\t\t<\/div>\n\t\t<\/div>\n\t\t\t\t<div class=\"elementor-column elementor-col-50 elementor-top-column elementor-element elementor-element-0e6e2c6\" data-id=\"0e6e2c6\" data-element_type=\"column\">\n\t\t\t<div class=\"elementor-widget-wrap elementor-element-populated\">\n\t\t\t\t\t\t<div class=\"elementor-element elementor-element-f668837 elementor-widget elementor-widget-image\" data-id=\"f668837\" data-element_type=\"widget\" data-widget_type=\"image.default\">\n\t\t\t\t<div class=\"elementor-widget-container\">\n\t\t\t\t\t\t\t\t\t\t\t\t\t<img loading=\"lazy\" decoding=\"async\" data-attachment-id=\"33626\" data-permalink=\"https:\/\/vivesanobrasil.org\/pb\/quienes-somos\/foto\/\" data-orig-file=\"https:\/\/i0.wp.com\/vivesanobrasil.org\/wp-content\/uploads\/2022\/01\/foto.png?fit=1008%2C900&amp;ssl=1\" data-orig-size=\"1008,900\" data-comments-opened=\"1\" data-image-meta=\"{&quot;aperture&quot;:&quot;0&quot;,&quot;credit&quot;:&quot;&quot;,&quot;camera&quot;:&quot;&quot;,&quot;caption&quot;:&quot;&quot;,&quot;created_timestamp&quot;:&quot;0&quot;,&quot;copyright&quot;:&quot;&quot;,&quot;focal_length&quot;:&quot;0&quot;,&quot;iso&quot;:&quot;0&quot;,&quot;shutter_speed&quot;:&quot;0&quot;,&quot;title&quot;:&quot;&quot;,&quot;orientation&quot;:&quot;0&quot;}\" data-image-title=\"foto\" data-image-description=\"\" data-image-caption=\"\" data-large-file=\"https:\/\/i0.wp.com\/vivesanobrasil.org\/wp-content\/uploads\/2022\/01\/foto.png?fit=1008%2C900&amp;ssl=1\" width=\"1008\" height=\"900\" src=\"https:\/\/i0.wp.com\/vivesanobrasil.org\/wp-content\/uploads\/2022\/01\/foto.png?fit=1008%2C900&amp;ssl=1\" class=\"attachment-large size-large wp-image-33626\" alt=\"\" srcset=\"https:\/\/i0.wp.com\/vivesanobrasil.org\/wp-content\/uploads\/2022\/01\/foto.png?w=1008&amp;ssl=1 1008w, https:\/\/i0.wp.com\/vivesanobrasil.org\/wp-content\/uploads\/2022\/01\/foto.png?resize=300%2C268&amp;ssl=1 300w, https:\/\/i0.wp.com\/vivesanobrasil.org\/wp-content\/uploads\/2022\/01\/foto.png?resize=768%2C686&amp;ssl=1 768w, https:\/\/i0.wp.com\/vivesanobrasil.org\/wp-content\/uploads\/2022\/01\/foto.png?resize=67%2C60&amp;ssl=1 67w, https:\/\/i0.wp.com\/vivesanobrasil.org\/wp-content\/uploads\/2022\/01\/foto.png?resize=350%2C313&amp;ssl=1 350w, https:\/\/i0.wp.com\/vivesanobrasil.org\/wp-content\/uploads\/2022\/01\/foto.png?resize=500%2C446&amp;ssl=1 500w, https:\/\/i0.wp.com\/vivesanobrasil.org\/wp-content\/uploads\/2022\/01\/foto.png?resize=700%2C625&amp;ssl=1 700w\" sizes=\"(max-width: 1000px) 100vw, 1000px\" data-attachment-id=\"33626\" data-permalink=\"https:\/\/vivesanobrasil.org\/pb\/quienes-somos\/foto\/\" data-orig-file=\"https:\/\/i0.wp.com\/vivesanobrasil.org\/wp-content\/uploads\/2022\/01\/foto.png?fit=1008%2C900&amp;ssl=1\" data-orig-size=\"1008,900\" data-comments-opened=\"1\" data-image-meta=\"{&quot;aperture&quot;:&quot;0&quot;,&quot;credit&quot;:&quot;&quot;,&quot;camera&quot;:&quot;&quot;,&quot;caption&quot;:&quot;&quot;,&quot;created_timestamp&quot;:&quot;0&quot;,&quot;copyright&quot;:&quot;&quot;,&quot;focal_length&quot;:&quot;0&quot;,&quot;iso&quot;:&quot;0&quot;,&quot;shutter_speed&quot;:&quot;0&quot;,&quot;title&quot;:&quot;&quot;,&quot;orientation&quot;:&quot;0&quot;}\" data-image-title=\"foto\" data-image-description=\"\" data-image-caption=\"\" data-large-file=\"https:\/\/i0.wp.com\/vivesanobrasil.org\/wp-content\/uploads\/2022\/01\/foto.png?fit=1008%2C900&amp;ssl=1\" \/>\t\t\t\t\t\t\t\t\t\t\t\t\t<\/div>\n\t\t\t\t<\/div>\n\t\t\t\t\t<\/div>\n\t\t<\/div>\n\t\t\t\t\t<\/div>\n\t\t<\/section>\n\t\t\t\t<\/div>\n\t\t<div class='cb-post-url-qr-code'><br><img src='https:\/\/api.qrserver.com\/v1\/create-qr-code\/?size=185x185&ecc=L&qzone=1&data=https%3A%2F%2Fvivesanobrasil.org%2Fpb%2Fbr%2Fquem-somos%2F' alt='Quem somos?'\/><\/div>","protected":false},"excerpt":{"rendered":"<p>O Instituto Universit\u00e1rio Vive Sano \u00e9 uma organiza\u00e7\u00e3o com sede no Brasil, que desde 2018 se dedica a brindar informa\u00e7\u00e3o e educa\u00e7\u00e3o \u00e0 dist\u00e2ncia em ci\u00eancias da sa\u00fade. Nosso pilar fundamental \u00e9 conceder a toda nossa comunidade de profissionais educa\u00e7\u00e3o de qualidade com acesso universal, com impacto cient\u00edfico e baseada sempre em evid\u00eancias. Conhe\u00e7a os [&hellip;]<\/p>\n","protected":false},"author":135836161,"featured_media":0,"parent":31898,"menu_order":0,"comment_status":"closed","ping_status":"closed","template":"elementor_header_footer","meta":{"_acf_changed":false,"_coblocks_attr":"","_coblocks_dimensions":"","_coblocks_responsive_height":"","_coblocks_accordion_ie_support":"","_crdt_document":"","om_disable_all_campaigns":false,"_monsterinsights_skip_tracking":false,"_monsterinsights_sitenote_active":false,"_monsterinsights_sitenote_note":"","_monsterinsights_sitenote_category":0,"footnotes":""},"class_list":["post-34494","page","type-page","status-publish","hentry"],"acf":[],"aioseo_notices":[],"jetpack_likes_enabled":true,"jetpack_sharing_enabled":true,"jetpack_shortlink":"https:\/\/wp.me\/P9Ia6I-8Ym","_links":{"self":[{"href":"https:\/\/vivesanobrasil.org\/pb\/wp-json\/wp\/v2\/pages\/34494","targetHints":{"allow":["GET"]}}],"collection":[{"href":"https:\/\/vivesanobrasil.org\/pb\/wp-json\/wp\/v2\/pages"}],"about":[{"href":"https:\/\/vivesanobrasil.org\/pb\/wp-json\/wp\/v2\/types\/page"}],"author":[{"embeddable":true,"href":"https:\/\/vivesanobrasil.org\/pb\/wp-json\/wp\/v2\/users\/135836161"}],"replies":[{"embeddable":true,"href":"https:\/\/vivesanobrasil.org\/pb\/wp-json\/wp\/v2\/comments?post=34494"}],"version-history":[{"count":0,"href":"https:\/\/vivesanobrasil.org\/pb\/wp-json\/wp\/v2\/pages\/34494\/revisions"}],"up":[{"embeddable":true,"href":"https:\/\/vivesanobrasil.org\/pb\/wp-json\/wp\/v2\/pages\/31898"}],"wp:attachment":[{"href":"https:\/\/vivesanobrasil.org\/pb\/wp-json\/wp\/v2\/media?parent=34494"}],"curies":[{"name":"wp","href":"https:\/\/api.w.org\/{rel}","templated":true}]}}