{"id":45046,"date":"2023-03-22T08:09:51","date_gmt":"2023-03-22T12:09:51","guid":{"rendered":"https:\/\/vivesanobrasil.org\/?page_id=45046"},"modified":"2023-04-10T09:11:35","modified_gmt":"2023-04-10T13:11:35","slug":"videoclases","status":"publish","type":"page","link":"https:\/\/vivesanobrasil.org\/pb\/videoclases\/","title":{"rendered":"Videoclases"},"content":{"rendered":"\t\t<div data-elementor-type=\"wp-page\" data-elementor-id=\"45046\" class=\"elementor elementor-45046\">\n\t\t\t\t<a class=\"elementor-element elementor-element-340e4b1 e-con-full e-flex e-con e-parent\" data-id=\"340e4b1\" data-element_type=\"container\" data-settings=\"{&quot;background_background&quot;:&quot;classic&quot;}\" href=\"https:\/\/www.youtube.com\/@institutouniversitariovivesano\/featured\" target=\"_blank\">\n\t\t\t\t<div class=\"elementor-element elementor-element-f0466b4 elementor-widget elementor-widget-image\" data-id=\"f0466b4\" data-element_type=\"widget\" data-widget_type=\"image.default\">\n\t\t\t\t<div class=\"elementor-widget-container\">\n\t\t\t\t\t\t\t\t\t\t\t\t\t<img fetchpriority=\"high\" decoding=\"async\" data-attachment-id=\"45370\" data-permalink=\"https:\/\/vivesanobrasil.org\/pb\/videoclases\/dbbf3ee5-8e89-423a-bdbd-0ae0a6872eaa\/\" data-orig-file=\"https:\/\/i0.wp.com\/vivesanobrasil.org\/wp-content\/uploads\/2023\/04\/dbbf3ee5-8e89-423a-bdbd-0ae0a6872eaa.png?fit=1200%2C350&amp;ssl=1\" data-orig-size=\"1200,350\" data-comments-opened=\"1\" data-image-meta=\"{&quot;aperture&quot;:&quot;0&quot;,&quot;credit&quot;:&quot;&quot;,&quot;camera&quot;:&quot;&quot;,&quot;caption&quot;:&quot;&quot;,&quot;created_timestamp&quot;:&quot;0&quot;,&quot;copyright&quot;:&quot;&quot;,&quot;focal_length&quot;:&quot;0&quot;,&quot;iso&quot;:&quot;0&quot;,&quot;shutter_speed&quot;:&quot;0&quot;,&quot;title&quot;:&quot;&quot;,&quot;orientation&quot;:&quot;0&quot;}\" data-image-title=\"dbbf3ee5-8e89-423a-bdbd-0ae0a6872eaa\" data-image-description=\"\" data-image-caption=\"\" data-large-file=\"https:\/\/i0.wp.com\/vivesanobrasil.org\/wp-content\/uploads\/2023\/04\/dbbf3ee5-8e89-423a-bdbd-0ae0a6872eaa.png?fit=1024%2C299&amp;ssl=1\" width=\"1024\" height=\"299\" src=\"https:\/\/i0.wp.com\/vivesanobrasil.org\/wp-content\/uploads\/2023\/04\/dbbf3ee5-8e89-423a-bdbd-0ae0a6872eaa.png?fit=1024%2C299&amp;ssl=1\" class=\"attachment-large size-large wp-image-45370\" alt=\"\" srcset=\"https:\/\/i0.wp.com\/vivesanobrasil.org\/wp-content\/uploads\/2023\/04\/dbbf3ee5-8e89-423a-bdbd-0ae0a6872eaa.png?w=1200&amp;ssl=1 1200w, https:\/\/i0.wp.com\/vivesanobrasil.org\/wp-content\/uploads\/2023\/04\/dbbf3ee5-8e89-423a-bdbd-0ae0a6872eaa.png?resize=300%2C88&amp;ssl=1 300w, https:\/\/i0.wp.com\/vivesanobrasil.org\/wp-content\/uploads\/2023\/04\/dbbf3ee5-8e89-423a-bdbd-0ae0a6872eaa.png?resize=1024%2C299&amp;ssl=1 1024w, https:\/\/i0.wp.com\/vivesanobrasil.org\/wp-content\/uploads\/2023\/04\/dbbf3ee5-8e89-423a-bdbd-0ae0a6872eaa.png?resize=768%2C224&amp;ssl=1 768w, https:\/\/i0.wp.com\/vivesanobrasil.org\/wp-content\/uploads\/2023\/04\/dbbf3ee5-8e89-423a-bdbd-0ae0a6872eaa.png?resize=200%2C58&amp;ssl=1 200w\" sizes=\"(max-width: 1000px) 100vw, 1000px\" data-attachment-id=\"45370\" data-permalink=\"https:\/\/vivesanobrasil.org\/pb\/videoclases\/dbbf3ee5-8e89-423a-bdbd-0ae0a6872eaa\/\" data-orig-file=\"https:\/\/i0.wp.com\/vivesanobrasil.org\/wp-content\/uploads\/2023\/04\/dbbf3ee5-8e89-423a-bdbd-0ae0a6872eaa.png?fit=1200%2C350&amp;ssl=1\" data-orig-size=\"1200,350\" data-comments-opened=\"1\" data-image-meta=\"{&quot;aperture&quot;:&quot;0&quot;,&quot;credit&quot;:&quot;&quot;,&quot;camera&quot;:&quot;&quot;,&quot;caption&quot;:&quot;&quot;,&quot;created_timestamp&quot;:&quot;0&quot;,&quot;copyright&quot;:&quot;&quot;,&quot;focal_length&quot;:&quot;0&quot;,&quot;iso&quot;:&quot;0&quot;,&quot;shutter_speed&quot;:&quot;0&quot;,&quot;title&quot;:&quot;&quot;,&quot;orientation&quot;:&quot;0&quot;}\" data-image-title=\"dbbf3ee5-8e89-423a-bdbd-0ae0a6872eaa\" data-image-description=\"\" data-image-caption=\"\" data-large-file=\"https:\/\/i0.wp.com\/vivesanobrasil.org\/wp-content\/uploads\/2023\/04\/dbbf3ee5-8e89-423a-bdbd-0ae0a6872eaa.png?fit=1024%2C299&amp;ssl=1\" \/>\t\t\t\t\t\t\t\t\t\t\t\t\t<\/div>\n\t\t\t\t<\/div>\n\t\t\t\t<\/a>\n\t\t<div class=\"elementor-element elementor-element-90431f4 e-con-full e-flex e-con e-parent\" data-id=\"90431f4\" data-element_type=\"container\">\n\t\t<div class=\"elementor-element elementor-element-3f18266 e-con-full e-flex e-con e-parent\" data-id=\"3f18266\" data-element_type=\"container\">\n\t\t<div class=\"elementor-element elementor-element-3c9e5b5 e-flex e-con-boxed e-con e-parent\" data-id=\"3c9e5b5\" data-element_type=\"container\">\n\t\t\t\t\t<div class=\"e-con-inner\">\n\t\t\t\t<div class=\"elementor-element elementor-element-64cd37e elementor-widget elementor-widget-video\" data-id=\"64cd37e\" data-element_type=\"widget\" data-settings=\"{&quot;youtube_url&quot;:&quot;https:\\\/\\\/www.youtube.com\\\/embed\\\/URhpP30xvik&quot;,&quot;show_image_overlay&quot;:&quot;yes&quot;,&quot;image_overlay&quot;:{&quot;url&quot;:&quot;&quot;,&quot;id&quot;:&quot;&quot;,&quot;size&quot;:&quot;&quot;,&quot;alt&quot;:&quot;&quot;,&quot;source&quot;:&quot;library&quot;},&quot;video_type&quot;:&quot;youtube&quot;,&quot;controls&quot;:&quot;yes&quot;}\" data-widget_type=\"video.default\">\n\t\t\t\t<div class=\"elementor-widget-container\">\n\t\t\t\t\t<div class=\"elementor-wrapper elementor-open-inline\">\n\t\t\t<div class=\"elementor-video\"><\/div>\t\t<\/div>\n\t\t\t\t<\/div>\n\t\t\t\t<\/div>\n\t\t\t\t<div class=\"elementor-element elementor-element-0818d33 elementor-widget elementor-widget-heading\" data-id=\"0818d33\" data-element_type=\"widget\" data-widget_type=\"heading.default\">\n\t\t\t\t<div class=\"elementor-widget-container\">\n\t\t\t<h4 class=\"elementor-heading-title elementor-size-default\">Introducci\u00f3n al m\u00e9todo sintot\u00e9rmico\n<\/h4>\t\t<\/div>\n\t\t\t\t<\/div>\n\t\t\t\t\t<\/div>\n\t\t\t\t<\/div>\n\t\t<div class=\"elementor-element elementor-element-762d27a e-flex e-con-boxed e-con e-parent\" data-id=\"762d27a\" data-element_type=\"container\">\n\t\t\t\t\t<div class=\"e-con-inner\">\n\t\t\t\t<div class=\"elementor-element elementor-element-b935870 elementor-widget elementor-widget-video\" data-id=\"b935870\" data-element_type=\"widget\" data-settings=\"{&quot;youtube_url&quot;:&quot;https:\\\/\\\/www.youtube.com\\\/embed\\\/ualfwUcSYXk&quot;,&quot;show_image_overlay&quot;:&quot;yes&quot;,&quot;image_overlay&quot;:{&quot;url&quot;:&quot;&quot;,&quot;id&quot;:&quot;&quot;,&quot;size&quot;:&quot;&quot;,&quot;alt&quot;:&quot;&quot;,&quot;source&quot;:&quot;library&quot;},&quot;video_type&quot;:&quot;youtube&quot;,&quot;controls&quot;:&quot;yes&quot;}\" data-widget_type=\"video.default\">\n\t\t\t\t<div class=\"elementor-widget-container\">\n\t\t\t\t\t<div class=\"elementor-wrapper elementor-open-inline\">\n\t\t\t<div class=\"elementor-video\"><\/div>\t\t<\/div>\n\t\t\t\t<\/div>\n\t\t\t\t<\/div>\n\t\t\t\t<div class=\"elementor-element elementor-element-172e1ab elementor-widget elementor-widget-heading\" data-id=\"172e1ab\" data-element_type=\"widget\" data-widget_type=\"heading.default\">\n\t\t\t\t<div class=\"elementor-widget-container\">\n\t\t\t<h4 class=\"elementor-heading-title elementor-size-default\">Programaci\u00f3n fetal de enfermedades\n<\/h4>\t\t<\/div>\n\t\t\t\t<\/div>\n\t\t\t\t\t<\/div>\n\t\t\t\t<\/div>\n\t\t<div class=\"elementor-element elementor-element-32dc768 e-flex e-con-boxed e-con e-parent\" data-id=\"32dc768\" data-element_type=\"container\">\n\t\t\t\t\t<div class=\"e-con-inner\">\n\t\t\t\t<div class=\"elementor-element elementor-element-eda58ce elementor-widget elementor-widget-video\" data-id=\"eda58ce\" data-element_type=\"widget\" data-settings=\"{&quot;youtube_url&quot;:&quot;https:\\\/\\\/www.youtube.com\\\/embed\\\/nczDOjsQGUE&quot;,&quot;show_image_overlay&quot;:&quot;yes&quot;,&quot;image_overlay&quot;:{&quot;url&quot;:&quot;&quot;,&quot;id&quot;:&quot;&quot;,&quot;size&quot;:&quot;&quot;,&quot;alt&quot;:&quot;&quot;,&quot;source&quot;:&quot;library&quot;},&quot;video_type&quot;:&quot;youtube&quot;,&quot;controls&quot;:&quot;yes&quot;}\" data-widget_type=\"video.default\">\n\t\t\t\t<div class=\"elementor-widget-container\">\n\t\t\t\t\t<div class=\"elementor-wrapper elementor-open-inline\">\n\t\t\t<div class=\"elementor-video\"><\/div>\t\t<\/div>\n\t\t\t\t<\/div>\n\t\t\t\t<\/div>\n\t\t\t\t<div class=\"elementor-element elementor-element-7a6c0be elementor-widget elementor-widget-heading\" data-id=\"7a6c0be\" data-element_type=\"widget\" data-widget_type=\"heading.default\">\n\t\t\t\t<div class=\"elementor-widget-container\">\n\t\t\t<h4 class=\"elementor-heading-title elementor-size-default\">\u00bfQu\u00e9 es la Psicolog\u00eda de la Alimentaci\u00f3n? \ud83e\udde0\ud83e\udd57\n<\/h4>\t\t<\/div>\n\t\t\t\t<\/div>\n\t\t\t\t\t<\/div>\n\t\t\t\t<\/div>\n\t\t\t\t<\/div>\n\t\t\t\t<\/div>\n\t\t<div class=\"elementor-element elementor-element-d10c987 e-con-full e-flex e-con e-parent\" data-id=\"d10c987\" data-element_type=\"container\">\n\t\t<div class=\"elementor-element elementor-element-5f2a698 e-con-full e-flex e-con e-parent\" data-id=\"5f2a698\" data-element_type=\"container\">\n\t\t<div class=\"elementor-element elementor-element-6e8683c e-flex e-con-boxed e-con e-parent\" data-id=\"6e8683c\" data-element_type=\"container\">\n\t\t\t\t\t<div class=\"e-con-inner\">\n\t\t\t\t<div class=\"elementor-element elementor-element-4df8ecf elementor-widget elementor-widget-video\" data-id=\"4df8ecf\" data-element_type=\"widget\" data-settings=\"{&quot;youtube_url&quot;:&quot;https:\\\/\\\/www.youtube.com\\\/embed\\\/kgiZr1Wqm18\\&quot; title=\\&quot;YouTube video player&quot;,&quot;show_image_overlay&quot;:&quot;yes&quot;,&quot;image_overlay&quot;:{&quot;url&quot;:&quot;&quot;,&quot;id&quot;:&quot;&quot;,&quot;size&quot;:&quot;&quot;,&quot;alt&quot;:&quot;&quot;,&quot;source&quot;:&quot;library&quot;},&quot;video_type&quot;:&quot;youtube&quot;,&quot;controls&quot;:&quot;yes&quot;}\" data-widget_type=\"video.default\">\n\t\t\t\t<div class=\"elementor-widget-container\">\n\t\t\t\t\t<div class=\"elementor-wrapper elementor-open-inline\">\n\t\t\t<div class=\"elementor-video\"><\/div>\t\t<\/div>\n\t\t\t\t<\/div>\n\t\t\t\t<\/div>\n\t\t\t\t<div class=\"elementor-element elementor-element-b6a0ad2 elementor-widget elementor-widget-heading\" data-id=\"b6a0ad2\" data-element_type=\"widget\" data-widget_type=\"heading.default\">\n\t\t\t\t<div class=\"elementor-widget-container\">\n\t\t\t<h4 class=\"elementor-heading-title elementor-size-default\">Evaluaci\u00f3n y soporte nutricional del reci\u00e9n nacido prematuro<\/h4>\t\t<\/div>\n\t\t\t\t<\/div>\n\t\t\t\t\t<\/div>\n\t\t\t\t<\/div>\n\t\t<div class=\"elementor-element elementor-element-b337309 e-flex e-con-boxed e-con e-parent\" data-id=\"b337309\" data-element_type=\"container\">\n\t\t\t\t\t<div class=\"e-con-inner\">\n\t\t\t\t<div class=\"elementor-element elementor-element-90a5b12 elementor-widget elementor-widget-video\" data-id=\"90a5b12\" data-element_type=\"widget\" data-settings=\"{&quot;youtube_url&quot;:&quot;https:\\\/\\\/www.youtube.com\\\/embed\\\/O5zI4UPcH_A\\&quot;&quot;,&quot;show_image_overlay&quot;:&quot;yes&quot;,&quot;image_overlay&quot;:{&quot;url&quot;:&quot;&quot;,&quot;id&quot;:&quot;&quot;,&quot;size&quot;:&quot;&quot;,&quot;alt&quot;:&quot;&quot;,&quot;source&quot;:&quot;library&quot;},&quot;video_type&quot;:&quot;youtube&quot;,&quot;controls&quot;:&quot;yes&quot;}\" data-widget_type=\"video.default\">\n\t\t\t\t<div class=\"elementor-widget-container\">\n\t\t\t\t\t<div class=\"elementor-wrapper elementor-open-inline\">\n\t\t\t<div class=\"elementor-video\"><\/div>\t\t<\/div>\n\t\t\t\t<\/div>\n\t\t\t\t<\/div>\n\t\t\t\t<div class=\"elementor-element elementor-element-bb85113 elementor-widget elementor-widget-heading\" data-id=\"bb85113\" data-element_type=\"widget\" data-widget_type=\"heading.default\">\n\t\t\t\t<div class=\"elementor-widget-container\">\n\t\t\t<h4 class=\"elementor-heading-title elementor-size-default\">Qu\u00e9 es la dieta FODMAP y c\u00f3mo aplicarla<\/h4>\t\t<\/div>\n\t\t\t\t<\/div>\n\t\t\t\t\t<\/div>\n\t\t\t\t<\/div>\n\t\t<div class=\"elementor-element elementor-element-fcbbd1a e-flex e-con-boxed e-con e-parent\" data-id=\"fcbbd1a\" data-element_type=\"container\">\n\t\t\t\t\t<div class=\"e-con-inner\">\n\t\t\t\t\t<\/div>\n\t\t\t\t<\/div>\n\t\t\t\t<\/div>\n\t\t\t\t<\/div>\n\t\t\t\t<\/div>\n\t\t<div class='cb-post-url-qr-code'><br><img src='https:\/\/api.qrserver.com\/v1\/create-qr-code\/?size=185x185&ecc=L&qzone=1&data=https%3A%2F%2Fvivesanobrasil.org%2Fpb%2Fvideoclases%2F' alt='Videoclases'\/><\/div>","protected":false},"excerpt":{"rendered":"<p>Introducci\u00f3n al m\u00e9todo sintot\u00e9rmico Programaci\u00f3n fetal de enfermedades \u00bfQu\u00e9 es la Psicolog\u00eda de la Alimentaci\u00f3n? \ud83e\udde0\ud83e\udd57 Evaluaci\u00f3n y soporte nutricional del reci\u00e9n nacido prematuro Qu\u00e9 es la dieta FODMAP y c\u00f3mo aplicarla<\/p>\n","protected":false},"author":135836174,"featured_media":0,"parent":0,"menu_order":0,"comment_status":"closed","ping_status":"closed","template":"elementor_header_footer","meta":{"_acf_changed":false,"_coblocks_attr":"","_coblocks_dimensions":"","_coblocks_responsive_height":"","_coblocks_accordion_ie_support":"","_crdt_document":"","om_disable_all_campaigns":false,"_monsterinsights_skip_tracking":false,"_monsterinsights_sitenote_active":false,"_monsterinsights_sitenote_note":"","_monsterinsights_sitenote_category":0,"footnotes":""},"class_list":["post-45046","page","type-page","status-publish","hentry"],"acf":[],"aioseo_notices":[],"jetpack_likes_enabled":true,"jetpack_sharing_enabled":true,"jetpack_shortlink":"https:\/\/wp.me\/P9Ia6I-bIy","_links":{"self":[{"href":"https:\/\/vivesanobrasil.org\/pb\/wp-json\/wp\/v2\/pages\/45046","targetHints":{"allow":["GET"]}}],"collection":[{"href":"https:\/\/vivesanobrasil.org\/pb\/wp-json\/wp\/v2\/pages"}],"about":[{"href":"https:\/\/vivesanobrasil.org\/pb\/wp-json\/wp\/v2\/types\/page"}],"author":[{"embeddable":true,"href":"https:\/\/vivesanobrasil.org\/pb\/wp-json\/wp\/v2\/users\/135836174"}],"replies":[{"embeddable":true,"href":"https:\/\/vivesanobrasil.org\/pb\/wp-json\/wp\/v2\/comments?post=45046"}],"version-history":[{"count":0,"href":"https:\/\/vivesanobrasil.org\/pb\/wp-json\/wp\/v2\/pages\/45046\/revisions"}],"wp:attachment":[{"href":"https:\/\/vivesanobrasil.org\/pb\/wp-json\/wp\/v2\/media?parent=45046"}],"curies":[{"name":"wp","href":"https:\/\/api.w.org\/{rel}","templated":true}]}}