{"id":47160,"date":"2023-08-22T13:31:09","date_gmt":"2023-08-22T17:31:09","guid":{"rendered":"https:\/\/vivesanobrasil.org\/?page_id=47160"},"modified":"2024-04-09T11:18:15","modified_gmt":"2024-04-09T15:18:15","slug":"laboratorio-virtual","status":"publish","type":"page","link":"https:\/\/vivesanobrasil.org\/pb\/laboratorio-virtual\/","title":{"rendered":"Laboratorio Virtual"},"content":{"rendered":"\t\t<div data-elementor-type=\"wp-page\" data-elementor-id=\"47160\" class=\"elementor elementor-47160\">\n\t\t\t\t<div class=\"elementor-element elementor-element-07ae2ac e-flex e-con-boxed e-con e-parent\" data-id=\"07ae2ac\" data-element_type=\"container\" data-settings=\"{&quot;background_background&quot;:&quot;video&quot;,&quot;background_video_link&quot;:&quot;https:\\\/\\\/vivesanobrasil.org\\\/wp-content\\\/uploads\\\/2023\\\/09\\\/iStock-1473561805-9.mp4&quot;}\">\n\t\t\t\t\t<div class=\"e-con-inner\">\n\t\t<div class=\"elementor-background-video-container elementor-hidden-phone\">\n\t\t\t\t\t\t\t<video class=\"elementor-background-video-hosted elementor-html5-video\" autoplay muted playsinline loop><\/video>\n\t\t\t\t\t<\/div>\t\t<div class=\"elementor-element elementor-element-f6e261b elementor-widget elementor-widget-heading\" data-id=\"f6e261b\" data-element_type=\"widget\" data-widget_type=\"heading.default\">\n\t\t\t\t<div class=\"elementor-widget-container\">\n\t\t\t<h3 class=\"elementor-heading-title elementor-size-default\">Aprendizaje pr\u00e1ctico en ciencias morfol\u00f3gicas.<\/h3>\t\t<\/div>\n\t\t\t\t<\/div>\n\t\t\t\t<div class=\"elementor-element elementor-element-0f9eec5 elementor-widget elementor-widget-text-editor\" data-id=\"0f9eec5\" data-element_type=\"widget\" data-widget_type=\"text-editor.default\">\n\t\t\t\t<div class=\"elementor-widget-container\">\n\t\t\t\t\t\t\t<p style=\"text-align: center;\">\u00a1M\u00e1s de 1600 modelos en 3D a tu disposici\u00f3n!<\/p>\t\t\t\t\t\t<\/div>\n\t\t\t\t<\/div>\n\t\t\t\t\t<\/div>\n\t\t\t\t<\/div>\n\t\t<div class=\"elementor-element elementor-element-b674c92 e-flex e-con-boxed e-con e-parent\" data-id=\"b674c92\" data-element_type=\"container\">\n\t\t\t\t\t<div class=\"e-con-inner\">\n\t\t\t\t<div class=\"elementor-element elementor-element-c9ba239 elementor-widget elementor-widget-heading\" data-id=\"c9ba239\" data-element_type=\"widget\" data-widget_type=\"heading.default\">\n\t\t\t\t<div class=\"elementor-widget-container\">\n\t\t\t<h3 class=\"elementor-heading-title elementor-size-default\">Laboratorio Virtual<\/h3>\t\t<\/div>\n\t\t\t\t<\/div>\n\t\t\t\t<div class=\"elementor-element elementor-element-4176a28 elementor-widget elementor-widget-text-editor\" data-id=\"4176a28\" data-element_type=\"widget\" data-widget_type=\"text-editor.default\">\n\t\t\t\t<div class=\"elementor-widget-container\">\n\t\t\t\t\t\t\t<p style=\"text-align: center;\">\u00a1Suscr\u00edbete hoy mismo y descubre un universo de conocimiento en nuestro laboratorio virtual de ciencias cl\u00ednicas y morfol\u00f3gicas!<\/p>\t\t\t\t\t\t<\/div>\n\t\t\t\t<\/div>\n\t\t\t\t\t<\/div>\n\t\t\t\t<\/div>\n\t\t<div class=\"elementor-element elementor-element-95e82c3 e-flex e-con-boxed e-con e-parent\" data-id=\"95e82c3\" data-element_type=\"container\">\n\t\t\t\t\t<div class=\"e-con-inner\">\n\t\t<div class=\"elementor-element elementor-element-c6884e5 e-con-full e-flex e-con e-child\" data-id=\"c6884e5\" data-element_type=\"container\">\n\t\t\t\t<div class=\"elementor-element elementor-element-6d032ef elementor-widget elementor-widget-html\" data-id=\"6d032ef\" data-element_type=\"widget\" data-widget_type=\"html.default\">\n\t\t\t\t<div class=\"elementor-widget-container\">\n\t\t\t<iframe id=\"embedded-human\" frameBorder=\"0\" style=\"aspect-ratio: 4 \/ 3; width: 100%\" allowFullScreen=\"true\" loading=\"lazy\" src=\"https:\/\/human.biodigital.com\/viewer\/?id=4zy1&ui-anatomy-descriptions=true&ui-anatomy-pronunciations=true&ui-anatomy-labels=true&ui-audio=true&ui-chapter-list=false&ui-fullscreen=true&ui-help=true&ui-info=true&ui-label-list=true&ui-layers=true&ui-loader=circle&ui-media-controls=full&ui-menu=true&ui-nav=true&ui-search=true&ui-tools=true&ui-tutorial=false&ui-undo=true&ui-whiteboard=true&initial.none=true&disable-scroll=false&uaid=Lph5L&lang=es&paid=o_2c0b237f\"><\/iframe>\t\t<\/div>\n\t\t\t\t<\/div>\n\t\t\t\t<\/div>\n\t\t<div class=\"elementor-element elementor-element-ed6d037 e-con-full e-flex e-con e-child\" data-id=\"ed6d037\" data-element_type=\"container\">\n\t\t\t\t<div class=\"elementor-element elementor-element-6b3b92f elementor-widget elementor-widget-heading\" data-id=\"6b3b92f\" data-element_type=\"widget\" data-widget_type=\"heading.default\">\n\t\t\t\t<div class=\"elementor-widget-container\">\n\t\t\t<h3 class=\"elementor-heading-title elementor-size-default\">Interact\u00fae en tiempo real con la situaci\u00f3n cl\u00ednica que desees.<\/h3>\t\t<\/div>\n\t\t\t\t<\/div>\n\t\t\t\t<div class=\"elementor-element elementor-element-3a26188 elementor-widget elementor-widget-text-editor\" data-id=\"3a26188\" data-element_type=\"widget\" data-widget_type=\"text-editor.default\">\n\t\t\t\t<div class=\"elementor-widget-container\">\n\t\t\t\t\t\t\t<p style=\"font-style: normal; font-variant-caps: normal; caret-color: #000000; color: #000000; text-align: left;\" data-pm-slice=\"1 1 []\">Impulsando la comprensi\u00f3n mundial del cuerpo humano.<\/p>\n<p style=\"font-style: normal; font-variant-caps: normal; caret-color: #000000; color: #000000;\">En nuestro laboratorio podr\u00e1s visualizar la anatom\u00eda, la enfermedad y el tratamiento, este software hace que la informaci\u00f3n de salud sea visual, simple y atractiva, por medio de visualizaciones 3D interactivas donde podr\u00e1s aprovechar m\u00e1s de 1600 modelos anat\u00f3micos disponibles para ti, ya que est\u00e1 demostrada que esta metodolog\u00eda es una forma comprobada de aumentar la comprensi\u00f3n y la velocidad en la educaci\u00f3n sobre anatom\u00eda, enfermedades y tratamientos. Sea para ti, tu consultorio, tus alumnos o tu instituci\u00f3n, contar\u00e1s con la mejor tecnolog\u00eda posible.<\/p>\t\t\t\t\t\t<\/div>\n\t\t\t\t<\/div>\n\t\t\t\t<\/div>\n\t\t\t\t\t<\/div>\n\t\t\t\t<\/div>\n\t\t<div class=\"elementor-element elementor-element-cc07beb e-flex e-con-boxed e-con e-parent\" data-id=\"cc07beb\" data-element_type=\"container\">\n\t\t\t\t\t<div class=\"e-con-inner\">\n\t\t<div class=\"elementor-element elementor-element-9b9461e e-con-full e-flex e-con e-child\" data-id=\"9b9461e\" data-element_type=\"container\">\n\t\t\t\t<div class=\"elementor-element elementor-element-63a509d elementor-widget elementor-widget-heading\" data-id=\"63a509d\" data-element_type=\"widget\" data-widget_type=\"heading.default\">\n\t\t\t\t<div class=\"elementor-widget-container\">\n\t\t\t<h2 class=\"elementor-heading-title elementor-size-default\">Registrarse<\/h2>\t\t<\/div>\n\t\t\t\t<\/div>\n\t\t\t\t<div class=\"elementor-element elementor-element-e3053df elementor-align-center elementor-widget elementor-widget-button\" data-id=\"e3053df\" data-element_type=\"widget\" data-widget_type=\"button.default\">\n\t\t\t\t<div class=\"elementor-widget-container\">\n\t\t\t\t\t<div class=\"elementor-button-wrapper\">\n\t\t\t<a class=\"elementor-button elementor-button-link elementor-size-md\" href=\"https:\/\/vivesanoacademy.org\/producto\/laboratorio-virtual\/\">\n\t\t\t\t\t\t<span class=\"elementor-button-content-wrapper\">\n\t\t\t\t\t\t\t\t\t<span class=\"elementor-button-text\">Suscr\u00edbete por solo 9.99 USD\/mes<\/span>\n\t\t\t\t\t<\/span>\n\t\t\t\t\t<\/a>\n\t\t<\/div>\n\t\t\t\t<\/div>\n\t\t\t\t<\/div>\n\t\t\t\t<div class=\"elementor-element elementor-element-9e43a3b elementor-widget elementor-widget-text-editor\" data-id=\"9e43a3b\" data-element_type=\"widget\" data-widget_type=\"text-editor.default\">\n\t\t\t\t<div class=\"elementor-widget-container\">\n\t\t\t\t\t\t\t<p><strong style=\"font-family: Montserrat, sans-serif; font-variant-caps: normal; font-size: 16px; font-style: normal;\">Disfruta de CINCO dias de prueba de este grandioso laboratorio de morfofisiolog\u00eda en 3D.<\/strong><br><\/p>\n<p>Incluye:<\/p>\n<p>+1500 modelos en 3D divididos en las siguientes \u00e1reas:<\/p>\n<ol>\n<li>-Anatom\u00eda<\/li>\n<li>-Embriolog\u00eda<\/li>\n<li>-Farmacolog\u00eda<\/li>\n<li>-Fisiolog\u00eda<\/li>\n<li>-Fisiolog\u00eda del ejercicio<\/li>\n<li>-Fisiopatolog\u00eda<\/li>\n<li>-Histologia<\/li>\n<li>-Pruebas formativas<\/li>\n<li>-T\u00e9cnicas cl\u00ednicas y quir\u00fargicas&nbsp;<\/li>\n<\/ol>\n<p>Acceso desde, cu\u00e1ndo y c\u00f3mo lo desees<\/p>\n<p>Contenidos basados en la evidencia<\/p>\n<p>Contenido creado por expertos en el \u00e1rea&nbsp;<\/p>\n<p><br><\/p>\t\t\t\t\t\t<\/div>\n\t\t\t\t<\/div>\n\t\t\t\t<\/div>\n\t\t<div class=\"elementor-element elementor-element-2bb0b2d e-con-full e-flex e-con e-child\" data-id=\"2bb0b2d\" data-element_type=\"container\">\n\t\t\t\t<div class=\"elementor-element elementor-element-b35f15d elementor-widget elementor-widget-heading\" data-id=\"b35f15d\" data-element_type=\"widget\" data-widget_type=\"heading.default\">\n\t\t\t\t<div class=\"elementor-widget-container\">\n\t\t\t<h2 class=\"elementor-heading-title elementor-size-default\">Ya estoy registrado<\/h2>\t\t<\/div>\n\t\t\t\t<\/div>\n\t\t\t\t<div class=\"elementor-element elementor-element-6a9ba68 elementor-align-center elementor-widget__width-initial elementor-widget elementor-widget-button\" data-id=\"6a9ba68\" data-element_type=\"widget\" data-widget_type=\"button.default\">\n\t\t\t\t<div class=\"elementor-widget-container\">\n\t\t\t\t\t<div class=\"elementor-button-wrapper\">\n\t\t\t<a class=\"elementor-button elementor-button-link elementor-size-md\" href=\"https:\/\/vivesanoacademy.org\/login\/\">\n\t\t\t\t\t\t<span class=\"elementor-button-content-wrapper\">\n\t\t\t\t\t\t\t\t\t<span class=\"elementor-button-text\">Iniciar sesi\u00f3n<\/span>\n\t\t\t\t\t<\/span>\n\t\t\t\t\t<\/a>\n\t\t<\/div>\n\t\t\t\t<\/div>\n\t\t\t\t<\/div>\n\t\t\t\t<div class=\"elementor-element elementor-element-110a08c elementor-position-top elementor-widget elementor-widget-image-box\" data-id=\"110a08c\" data-element_type=\"widget\" data-widget_type=\"image-box.default\">\n\t\t\t\t<div class=\"elementor-widget-container\">\n\t\t\t<div class=\"elementor-image-box-wrapper\"><figure class=\"elementor-image-box-img\"><img fetchpriority=\"high\" decoding=\"async\" data-attachment-id=\"50783\" data-permalink=\"https:\/\/vivesanobrasil.org\/pb\/laboratorio-virtual\/captura-de-pantalla-2023-09-14-a-las-23-33-33\/\" data-orig-file=\"https:\/\/i0.wp.com\/vivesanobrasil.org\/wp-content\/uploads\/2023\/09\/Captura-de-pantalla-2023-09-14-a-las-23.33.33.png?fit=3390%2C1750&amp;ssl=1\" data-orig-size=\"3390,1750\" data-comments-opened=\"1\" data-image-meta=\"{&quot;aperture&quot;:&quot;0&quot;,&quot;credit&quot;:&quot;&quot;,&quot;camera&quot;:&quot;&quot;,&quot;caption&quot;:&quot;&quot;,&quot;created_timestamp&quot;:&quot;0&quot;,&quot;copyright&quot;:&quot;&quot;,&quot;focal_length&quot;:&quot;0&quot;,&quot;iso&quot;:&quot;0&quot;,&quot;shutter_speed&quot;:&quot;0&quot;,&quot;title&quot;:&quot;&quot;,&quot;orientation&quot;:&quot;0&quot;}\" data-image-title=\"Captura de pantalla 2023-09-14 a la(s) 23.33.33\" data-image-description=\"\" data-image-caption=\"\" data-medium-file=\"https:\/\/i0.wp.com\/vivesanobrasil.org\/wp-content\/uploads\/2023\/09\/Captura-de-pantalla-2023-09-14-a-las-23.33.33.png?fit=300%2C155&amp;ssl=1\" data-large-file=\"https:\/\/i0.wp.com\/vivesanobrasil.org\/wp-content\/uploads\/2023\/09\/Captura-de-pantalla-2023-09-14-a-las-23.33.33.png?fit=1024%2C529&amp;ssl=1\" width=\"3390\" height=\"1750\" src=\"https:\/\/i0.wp.com\/vivesanobrasil.org\/wp-content\/uploads\/2023\/09\/Captura-de-pantalla-2023-09-14-a-las-23.33.33.png?fit=3390%2C1750&amp;ssl=1\" class=\"attachment-full size-full wp-image-50783\" alt=\"\" data-attachment-id=\"50783\" data-permalink=\"https:\/\/vivesanobrasil.org\/pb\/laboratorio-virtual\/captura-de-pantalla-2023-09-14-a-las-23-33-33\/\" data-orig-file=\"https:\/\/i0.wp.com\/vivesanobrasil.org\/wp-content\/uploads\/2023\/09\/Captura-de-pantalla-2023-09-14-a-las-23.33.33.png?fit=3390%2C1750&amp;ssl=1\" data-orig-size=\"3390,1750\" data-comments-opened=\"1\" data-image-meta=\"{&quot;aperture&quot;:&quot;0&quot;,&quot;credit&quot;:&quot;&quot;,&quot;camera&quot;:&quot;&quot;,&quot;caption&quot;:&quot;&quot;,&quot;created_timestamp&quot;:&quot;0&quot;,&quot;copyright&quot;:&quot;&quot;,&quot;focal_length&quot;:&quot;0&quot;,&quot;iso&quot;:&quot;0&quot;,&quot;shutter_speed&quot;:&quot;0&quot;,&quot;title&quot;:&quot;&quot;,&quot;orientation&quot;:&quot;0&quot;}\" data-image-title=\"Captura de pantalla 2023-09-14 a la(s) 23.33.33\" data-image-description=\"\" data-image-caption=\"\" data-medium-file=\"https:\/\/i0.wp.com\/vivesanobrasil.org\/wp-content\/uploads\/2023\/09\/Captura-de-pantalla-2023-09-14-a-las-23.33.33.png?fit=300%2C155&amp;ssl=1\" data-large-file=\"https:\/\/i0.wp.com\/vivesanobrasil.org\/wp-content\/uploads\/2023\/09\/Captura-de-pantalla-2023-09-14-a-las-23.33.33.png?fit=1024%2C529&amp;ssl=1\" srcset=\"https:\/\/i0.wp.com\/vivesanobrasil.org\/wp-content\/uploads\/2023\/09\/Captura-de-pantalla-2023-09-14-a-las-23.33.33.png?w=3390&amp;ssl=1 3390w, https:\/\/i0.wp.com\/vivesanobrasil.org\/wp-content\/uploads\/2023\/09\/Captura-de-pantalla-2023-09-14-a-las-23.33.33.png?resize=300%2C155&amp;ssl=1 300w, https:\/\/i0.wp.com\/vivesanobrasil.org\/wp-content\/uploads\/2023\/09\/Captura-de-pantalla-2023-09-14-a-las-23.33.33.png?resize=1024%2C529&amp;ssl=1 1024w, https:\/\/i0.wp.com\/vivesanobrasil.org\/wp-content\/uploads\/2023\/09\/Captura-de-pantalla-2023-09-14-a-las-23.33.33.png?resize=768%2C396&amp;ssl=1 768w, https:\/\/i0.wp.com\/vivesanobrasil.org\/wp-content\/uploads\/2023\/09\/Captura-de-pantalla-2023-09-14-a-las-23.33.33.png?resize=1536%2C793&amp;ssl=1 1536w, https:\/\/i0.wp.com\/vivesanobrasil.org\/wp-content\/uploads\/2023\/09\/Captura-de-pantalla-2023-09-14-a-las-23.33.33.png?resize=2048%2C1057&amp;ssl=1 2048w, https:\/\/i0.wp.com\/vivesanobrasil.org\/wp-content\/uploads\/2023\/09\/Captura-de-pantalla-2023-09-14-a-las-23.33.33.png?resize=116%2C60&amp;ssl=1 116w, https:\/\/i0.wp.com\/vivesanobrasil.org\/wp-content\/uploads\/2023\/09\/Captura-de-pantalla-2023-09-14-a-las-23.33.33.png?resize=500%2C258&amp;ssl=1 500w, https:\/\/i0.wp.com\/vivesanobrasil.org\/wp-content\/uploads\/2023\/09\/Captura-de-pantalla-2023-09-14-a-las-23.33.33.png?resize=700%2C361&amp;ssl=1 700w, https:\/\/i0.wp.com\/vivesanobrasil.org\/wp-content\/uploads\/2023\/09\/Captura-de-pantalla-2023-09-14-a-las-23.33.33.png?w=3000&amp;ssl=1 3000w\" sizes=\"(max-width: 1000px) 100vw, 1000px\" \/><\/figure><\/div>\t\t<\/div>\n\t\t\t\t<\/div>\n\t\t\t\t<div class=\"elementor-element elementor-element-602369a elementor-widget elementor-widget-image\" data-id=\"602369a\" data-element_type=\"widget\" data-widget_type=\"image.default\">\n\t\t\t\t<div class=\"elementor-widget-container\">\n\t\t\t\t\t\t\t\t\t\t\t\t\t<img decoding=\"async\" data-attachment-id=\"50784\" data-permalink=\"https:\/\/vivesanobrasil.org\/pb\/laboratorio-virtual\/captura-de-pantalla-2023-09-14-a-las-23-37-01\/\" data-orig-file=\"https:\/\/i0.wp.com\/vivesanobrasil.org\/wp-content\/uploads\/2023\/09\/Captura-de-pantalla-2023-09-14-a-las-23.37.01.png?fit=3386%2C846&amp;ssl=1\" data-orig-size=\"3386,846\" data-comments-opened=\"1\" data-image-meta=\"{&quot;aperture&quot;:&quot;0&quot;,&quot;credit&quot;:&quot;&quot;,&quot;camera&quot;:&quot;&quot;,&quot;caption&quot;:&quot;&quot;,&quot;created_timestamp&quot;:&quot;0&quot;,&quot;copyright&quot;:&quot;&quot;,&quot;focal_length&quot;:&quot;0&quot;,&quot;iso&quot;:&quot;0&quot;,&quot;shutter_speed&quot;:&quot;0&quot;,&quot;title&quot;:&quot;&quot;,&quot;orientation&quot;:&quot;0&quot;}\" data-image-title=\"Captura de pantalla 2023-09-14 a la(s) 23.37.01\" data-image-description=\"\" data-image-caption=\"\" data-medium-file=\"https:\/\/i0.wp.com\/vivesanobrasil.org\/wp-content\/uploads\/2023\/09\/Captura-de-pantalla-2023-09-14-a-las-23.37.01.png?fit=300%2C75&amp;ssl=1\" data-large-file=\"https:\/\/i0.wp.com\/vivesanobrasil.org\/wp-content\/uploads\/2023\/09\/Captura-de-pantalla-2023-09-14-a-las-23.37.01.png?fit=1024%2C256&amp;ssl=1\" width=\"1024\" height=\"256\" src=\"https:\/\/i0.wp.com\/vivesanobrasil.org\/wp-content\/uploads\/2023\/09\/Captura-de-pantalla-2023-09-14-a-las-23.37.01.png?fit=1024%2C256&amp;ssl=1\" class=\"attachment-large size-large wp-image-50784\" alt=\"\" srcset=\"https:\/\/i0.wp.com\/vivesanobrasil.org\/wp-content\/uploads\/2023\/09\/Captura-de-pantalla-2023-09-14-a-las-23.37.01.png?w=3386&amp;ssl=1 3386w, https:\/\/i0.wp.com\/vivesanobrasil.org\/wp-content\/uploads\/2023\/09\/Captura-de-pantalla-2023-09-14-a-las-23.37.01.png?resize=300%2C75&amp;ssl=1 300w, https:\/\/i0.wp.com\/vivesanobrasil.org\/wp-content\/uploads\/2023\/09\/Captura-de-pantalla-2023-09-14-a-las-23.37.01.png?resize=1024%2C256&amp;ssl=1 1024w, https:\/\/i0.wp.com\/vivesanobrasil.org\/wp-content\/uploads\/2023\/09\/Captura-de-pantalla-2023-09-14-a-las-23.37.01.png?resize=768%2C192&amp;ssl=1 768w, https:\/\/i0.wp.com\/vivesanobrasil.org\/wp-content\/uploads\/2023\/09\/Captura-de-pantalla-2023-09-14-a-las-23.37.01.png?resize=1536%2C384&amp;ssl=1 1536w, https:\/\/i0.wp.com\/vivesanobrasil.org\/wp-content\/uploads\/2023\/09\/Captura-de-pantalla-2023-09-14-a-las-23.37.01.png?resize=2048%2C512&amp;ssl=1 2048w, https:\/\/i0.wp.com\/vivesanobrasil.org\/wp-content\/uploads\/2023\/09\/Captura-de-pantalla-2023-09-14-a-las-23.37.01.png?resize=200%2C50&amp;ssl=1 200w, https:\/\/i0.wp.com\/vivesanobrasil.org\/wp-content\/uploads\/2023\/09\/Captura-de-pantalla-2023-09-14-a-las-23.37.01.png?resize=500%2C125&amp;ssl=1 500w, https:\/\/i0.wp.com\/vivesanobrasil.org\/wp-content\/uploads\/2023\/09\/Captura-de-pantalla-2023-09-14-a-las-23.37.01.png?resize=700%2C175&amp;ssl=1 700w, https:\/\/i0.wp.com\/vivesanobrasil.org\/wp-content\/uploads\/2023\/09\/Captura-de-pantalla-2023-09-14-a-las-23.37.01.png?w=3000&amp;ssl=1 3000w\" sizes=\"(max-width: 1000px) 100vw, 1000px\" data-attachment-id=\"50784\" data-permalink=\"https:\/\/vivesanobrasil.org\/pb\/laboratorio-virtual\/captura-de-pantalla-2023-09-14-a-las-23-37-01\/\" data-orig-file=\"https:\/\/i0.wp.com\/vivesanobrasil.org\/wp-content\/uploads\/2023\/09\/Captura-de-pantalla-2023-09-14-a-las-23.37.01.png?fit=3386%2C846&amp;ssl=1\" data-orig-size=\"3386,846\" data-comments-opened=\"1\" data-image-meta=\"{&quot;aperture&quot;:&quot;0&quot;,&quot;credit&quot;:&quot;&quot;,&quot;camera&quot;:&quot;&quot;,&quot;caption&quot;:&quot;&quot;,&quot;created_timestamp&quot;:&quot;0&quot;,&quot;copyright&quot;:&quot;&quot;,&quot;focal_length&quot;:&quot;0&quot;,&quot;iso&quot;:&quot;0&quot;,&quot;shutter_speed&quot;:&quot;0&quot;,&quot;title&quot;:&quot;&quot;,&quot;orientation&quot;:&quot;0&quot;}\" data-image-title=\"Captura de pantalla 2023-09-14 a la(s) 23.37.01\" data-image-description=\"\" data-image-caption=\"\" data-medium-file=\"https:\/\/i0.wp.com\/vivesanobrasil.org\/wp-content\/uploads\/2023\/09\/Captura-de-pantalla-2023-09-14-a-las-23.37.01.png?fit=300%2C75&amp;ssl=1\" data-large-file=\"https:\/\/i0.wp.com\/vivesanobrasil.org\/wp-content\/uploads\/2023\/09\/Captura-de-pantalla-2023-09-14-a-las-23.37.01.png?fit=1024%2C256&amp;ssl=1\" \/>\t\t\t\t\t\t\t\t\t\t\t\t\t<\/div>\n\t\t\t\t<\/div>\n\t\t\t\t<\/div>\n\t\t\t\t\t<\/div>\n\t\t\t\t<\/div>\n\t\t<div class=\"elementor-element elementor-element-4c47081 e-flex e-con-boxed e-con e-parent\" data-id=\"4c47081\" data-element_type=\"container\">\n\t\t\t\t\t<div class=\"e-con-inner\">\n\t\t<div class=\"elementor-element elementor-element-a1038e6 e-con-full e-flex e-con e-child\" data-id=\"a1038e6\" data-element_type=\"container\">\n\t\t\t\t<div class=\"elementor-element elementor-element-1637a50 elementor-widget elementor-widget-heading\" data-id=\"1637a50\" data-element_type=\"widget\" data-widget_type=\"heading.default\">\n\t\t\t\t<div class=\"elementor-widget-container\">\n\t\t\t<h3 class=\"elementor-heading-title elementor-size-default\">Ense\u00f1a o aprende ciencias de la salud de una forma nunca antes vista<\/h3>\t\t<\/div>\n\t\t\t\t<\/div>\n\t\t\t\t<div class=\"elementor-element elementor-element-783ccd9 elementor-widget elementor-widget-text-editor\" data-id=\"783ccd9\" data-element_type=\"widget\" data-widget_type=\"text-editor.default\">\n\t\t\t\t<div class=\"elementor-widget-container\">\n\t\t\t\t\t\t\t<p style=\"font-style: normal; font-variant-caps: normal; caret-color: #000000; color: #000000; text-align: center;\" data-pm-slice=\"1 1 []\">Ofrecemos una soluci\u00f3n de alto impacto educativo que brinda una experiencia \u00fanica dentro y fuera del aula, consultorio o lugar de estudio. Con nuestra herramienta permitimos que el profesional pueda tener el material mas inmersivo posible en el momento que lo desee, as\u00ed como para que el estudiante o profesional viva el proceso a su ritmo, tantas veces como necesite y con toda la ciencia a su disposici\u00f3n.<\/p><p style=\"font-style: normal; font-variant-caps: normal; caret-color: #000000; color: #000000;\">A lo largo de nuestra trayectoria hemos constatado las limitaciones bien sea por libros o material, tanto en hogares, instituciones, universidades y laboratorios f\u00edsicos como de los centros de salud en cuanto a accesibilidad, costo de mantenimiento de los locales f\u00edsicos, higiene, problemas \u00e9ticos, respeto por el cuerpo humano, adem\u00e1s de poca interactividad en el proceso de ense\u00f1anza \u2013 aprendizaje.<\/p><p style=\"font-style: normal; font-variant-caps: normal; caret-color: #000000; color: #000000;\">Si en alg\u00fan momento quieres una experiencia diferente para ti, tus estudiantes, tus pacientes o para quien desees, o si tienes inconvenientes con laboratorios f\u00edsicos, problemas \u00e9ticos, material de bio seguridad entre otros, esto es para ti.<\/p>\t\t\t\t\t\t<\/div>\n\t\t\t\t<\/div>\n\t\t\t\t<\/div>\n\t\t\t\t\t<\/div>\n\t\t\t\t<\/div>\n\t\t\t\t<\/div>\n\t\t<div class='cb-post-url-qr-code'><br><img src='https:\/\/api.qrserver.com\/v1\/create-qr-code\/?size=185x185&ecc=L&qzone=1&data=https%3A%2F%2Fvivesanobrasil.org%2Fpb%2Flaboratorio-virtual%2F' alt='Laboratorio Virtual'\/><\/div>","protected":false},"excerpt":{"rendered":"<p>Aprendizaje pr\u00e1ctico en ciencias morfol\u00f3gicas. \u00a1M\u00e1s de 1600 modelos en 3D a tu disposici\u00f3n! Laboratorio Virtual \u00a1Suscr\u00edbete hoy mismo y descubre un universo de conocimiento en nuestro laboratorio virtual de ciencias cl\u00ednicas y morfol\u00f3gicas! Interact\u00fae en tiempo real con la situaci\u00f3n cl\u00ednica que desees. Impulsando la comprensi\u00f3n mundial del cuerpo humano. En nuestro laboratorio podr\u00e1s [&hellip;]<\/p>\n","protected":false},"author":135836174,"featured_media":0,"parent":0,"menu_order":0,"comment_status":"closed","ping_status":"closed","template":"elementor_header_footer","meta":{"_acf_changed":false,"_coblocks_attr":"","_coblocks_dimensions":"","_coblocks_responsive_height":"","_coblocks_accordion_ie_support":"","om_disable_all_campaigns":false,"_monsterinsights_skip_tracking":false,"_monsterinsights_sitenote_active":false,"_monsterinsights_sitenote_note":"","_monsterinsights_sitenote_category":0,"jetpack_post_was_ever_published":false,"footnotes":""},"class_list":["post-47160","page","type-page","status-publish","hentry"],"acf":[],"aioseo_notices":[],"jetpack_likes_enabled":true,"jetpack_sharing_enabled":true,"jetpack_shortlink":"https:\/\/wp.me\/P9Ia6I-cgE","_links":{"self":[{"href":"https:\/\/vivesanobrasil.org\/pb\/wp-json\/wp\/v2\/pages\/47160","targetHints":{"allow":["GET"]}}],"collection":[{"href":"https:\/\/vivesanobrasil.org\/pb\/wp-json\/wp\/v2\/pages"}],"about":[{"href":"https:\/\/vivesanobrasil.org\/pb\/wp-json\/wp\/v2\/types\/page"}],"author":[{"embeddable":true,"href":"https:\/\/vivesanobrasil.org\/pb\/wp-json\/wp\/v2\/users\/135836174"}],"replies":[{"embeddable":true,"href":"https:\/\/vivesanobrasil.org\/pb\/wp-json\/wp\/v2\/comments?post=47160"}],"version-history":[{"count":102,"href":"https:\/\/vivesanobrasil.org\/pb\/wp-json\/wp\/v2\/pages\/47160\/revisions"}],"predecessor-version":[{"id":58585,"href":"https:\/\/vivesanobrasil.org\/pb\/wp-json\/wp\/v2\/pages\/47160\/revisions\/58585"}],"wp:attachment":[{"href":"https:\/\/vivesanobrasil.org\/pb\/wp-json\/wp\/v2\/media?parent=47160"}],"curies":[{"name":"wp","href":"https:\/\/api.w.org\/{rel}","templated":true}]}}